{"id":4791,"date":"2026-01-14T14:19:11","date_gmt":"2026-01-14T20:19:11","guid":{"rendered":"https:\/\/wordpress.destelayr.com\/product\/minerals-detox-conditioner-270\/"},"modified":"2026-04-03T07:26:04","modified_gmt":"2026-04-03T12:26:04","slug":"minerals-detox-conditioner-270","status":"publish","type":"product","link":"https:\/\/wordpress.destelayr.com\/es\/product\/minerals-detox-conditioner-270\/","title":{"rendered":"Minerals Detox Conditioner"},"content":{"rendered":"<p>Acondicionador fortificante dise\u00f1ado para nutrir, suavizar y fortalecer el cabello sin apelmazarlo. Su f\u00f3rmula ayuda a restaurar la humedad natural, mejorar la elasticidad y facilitar el desenredado, dejando el cabello m\u00e1s fuerte, m\u00e1s manejable y con una sensaci\u00f3n fresca y revitalizada.<\/p>\n<p>Act\u00faa desde la fibra capilar hasta el cuero cabelludo, ayudando a mantener el equilibrio natural mientras fortalece el cabello y reduce el quiebre. Ideal para cabellos debilitados o con tendencia a la ca\u00edda, as\u00ed como para cueros cabelludos con desequilibrios como caspa, seborrea o sensibilidad. <\/p>\n<p>Ingredientes clave: Clorofila + Arcilla Verde<\/p>\n<p>Estos ingredientes ayudan a purificar y oxigenar el cuero cabelludo, fortalecen la fibra capilar y favorecen un crecimiento m\u00e1s saludable, dejando el cabello suave, brillante y visiblemente m\u00e1s fuerte.<\/p>\n","protected":false},"excerpt":{"rendered":"<p>Acondicionador fortificante dise\u00f1ado para nutrir, suavizar y fortalecer el cabello sin aportar peso. Su f\u00f3rmula ayuda a restaurar la hidrataci\u00f3n natural, mejorar la elasticidad y facilitar el desenredo, dejando el cabello m\u00e1s resistente, manejable y con una sensaci\u00f3n fresca y revitalizante. Act\u00faa desde la fibra capilar hasta el cuero cabelludo,&#8230;  <\/p>\n","protected":false},"featured_media":4792,"comment_status":"open","ping_status":"closed","template":"","meta":{"_acf_changed":false,"site-sidebar-layout":"default","site-content-layout":"","ast-site-content-layout":"default","site-content-style":"default","site-sidebar-style":"default","ast-global-header-display":"","ast-banner-title-visibility":"","ast-main-header-display":"","ast-hfb-above-header-display":"","ast-hfb-below-header-display":"","ast-hfb-mobile-header-display":"","site-post-title":"","ast-breadcrumbs-content":"","ast-featured-img":"","footer-sml-layout":"","ast-disable-related-posts":"","theme-transparent-header-meta":"default","adv-header-id-meta":"","stick-header-meta":"","header-above-stick-meta":"","header-main-stick-meta":"","header-below-stick-meta":"","astra-migrate-meta-layouts":"default","ast-page-background-enabled":"default","ast-page-background-meta":{"desktop":{"background-color":"var(--ast-global-color-5)","background-image":"","background-repeat":"repeat","background-position":"center center","background-size":"auto","background-attachment":"scroll","background-type":"","background-media":"","overlay-type":"","overlay-color":"","overlay-opacity":"","overlay-gradient":""},"tablet":{"background-color":"","background-image":"","background-repeat":"repeat","background-position":"center center","background-size":"auto","background-attachment":"scroll","background-type":"","background-media":"","overlay-type":"","overlay-color":"","overlay-opacity":"","overlay-gradient":""},"mobile":{"background-color":"","background-image":"","background-repeat":"repeat","background-position":"center center","background-size":"auto","background-attachment":"scroll","background-type":"","background-media":"","overlay-type":"","overlay-color":"","overlay-opacity":"","overlay-gradient":""}},"ast-content-background-meta":{"desktop":{"background-color":"var(--ast-global-color-4)","background-image":"","background-repeat":"repeat","background-position":"center center","background-size":"auto","background-attachment":"scroll","background-type":"","background-media":"","overlay-type":"","overlay-color":"","overlay-opacity":"","overlay-gradient":""},"tablet":{"background-color":"var(--ast-global-color-4)","background-image":"","background-repeat":"repeat","background-position":"center center","background-size":"auto","background-attachment":"scroll","background-type":"","background-media":"","overlay-type":"","overlay-color":"","overlay-opacity":"","overlay-gradient":""},"mobile":{"background-color":"var(--ast-global-color-4)","background-image":"","background-repeat":"repeat","background-position":"center center","background-size":"auto","background-attachment":"scroll","background-type":"","background-media":"","overlay-type":"","overlay-color":"","overlay-opacity":"","overlay-gradient":""}}},"product_brand":[221],"product_cat":[177,166],"product_tag":[194],"class_list":{"0":"post-4791","1":"product","2":"type-product","3":"status-publish","4":"has-post-thumbnail","6":"product_brand-maison-visage","7":"product_cat-acondicionadores","8":"product_cat-todos-los-productos","9":"product_tag-conditioner","10":"desktop-align-left","11":"tablet-align-left","12":"mobile-align-left","14":"first","15":"instock","16":"taxable","17":"shipping-taxable","18":"purchasable","19":"product-type-simple"},"bundled_by":["4485"],"bundle_stock_status":"instock","bundle_stock_quantity":2,"bundle_virtual":false,"bundle_layout":"","bundle_add_to_cart_form_location":"","bundle_editable_in_cart":false,"bundle_sold_individually_context":"","bundle_item_grouping":"","bundle_min_size":"","bundle_max_size":"","bundle_price":[],"bundled_items":[],"bundle_sell_ids":[],"supplier_id":931,"supplier_sku":"810060151716","barcode":"810060151716","atum_controlled":true,"out_stock_date":null,"out_stock_threshold":null,"inheritable":false,"inbound_stock":0,"stock_on_hold":0,"sold_today":0,"sales_last_days":0,"reserved_stock":0,"customer_returns":0,"warehouse_damage":0,"lost_in_post":0,"other_logs":0,"out_stock_days":0,"lost_sales":0,"has_location":false,"update_date":"2026-04-12T00:07:10","atum_locations":[],"atum_stock_status":"instock","restock_status":false,"low_stock_amount":"","sales_update_date":"2026-04-12T00:07:10","calc_backorders":null,"acf":[],"_links":{"self":[{"href":"https:\/\/wordpress.destelayr.com\/es\/wp-json\/wp\/v2\/product\/4791","targetHints":{"allow":["GET"]}}],"collection":[{"href":"https:\/\/wordpress.destelayr.com\/es\/wp-json\/wp\/v2\/product"}],"about":[{"href":"https:\/\/wordpress.destelayr.com\/es\/wp-json\/wp\/v2\/types\/product"}],"replies":[{"embeddable":true,"href":"https:\/\/wordpress.destelayr.com\/es\/wp-json\/wp\/v2\/comments?post=4791"}],"wp:featuredmedia":[{"embeddable":true,"href":"https:\/\/wordpress.destelayr.com\/es\/wp-json\/wp\/v2\/media\/4792"}],"wp:attachment":[{"href":"https:\/\/wordpress.destelayr.com\/es\/wp-json\/wp\/v2\/media?parent=4791"}],"wp:term":[{"taxonomy":"product_brand","embeddable":true,"href":"https:\/\/wordpress.destelayr.com\/es\/wp-json\/wp\/v2\/product_brand?post=4791"},{"taxonomy":"product_cat","embeddable":true,"href":"https:\/\/wordpress.destelayr.com\/es\/wp-json\/wp\/v2\/product_cat?post=4791"},{"taxonomy":"product_tag","embeddable":true,"href":"https:\/\/wordpress.destelayr.com\/es\/wp-json\/wp\/v2\/product_tag?post=4791"}],"curies":[{"name":"wp","href":"https:\/\/api.w.org\/{rel}","templated":true}]}}