{"id":4718,"date":"2025-11-17T11:12:09","date_gmt":"2025-11-17T11:12:09","guid":{"rendered":"https:\/\/wordpress.destelayr.com\/product\/s-o-s-bio-hair-cystina-spray-250ml\/"},"modified":"2026-04-10T08:03:29","modified_gmt":"2026-04-10T13:03:29","slug":"s-o-s-bio-hair-cystina-spray-250ml","status":"publish","type":"product","link":"https:\/\/wordpress.destelayr.com\/es\/product\/s-o-s-bio-hair-cystina-spray-250ml\/","title":{"rendered":"S.O.S Bio Hair Cystina Spray"},"content":{"rendered":"<p>El S.O.S Bio Hair Cystina Spray es un tratamiento capilar intensivo en formato spray, formulado con cistina y activos bio-reconstructores que act\u00faan directamente sobre la fibra capilar debilitada. Su acci\u00f3n inmediata fortalece, repara y protege el cabello contra la rotura, devolvi\u00e9ndole vitalidad, resistencia y un brillo saludable. <\/p>\n<p>Ideal para cabellos fr\u00e1giles, finos, con ca\u00edda o da\u00f1ados por procesos qu\u00edmicos, calor o factores externos, este spray es un aliado pr\u00e1ctico y efectivo para el cuidado diario y profesional.<\/p>\n<p>\u2728 Beneficios principales<br \/>\nFortalece la fibra capilar desde el interior. Previene la rotura y ca\u00edda del cabello. Aporta resistencia y elasticidad. Brinda brillo, suavidad y vitalidad. F\u00f3rmula ligera de r\u00e1pida absorci\u00f3n.    <\/p>\n<p>\ud83d\udcd6 Modo de uso<br \/>\nAgite bien antes de usar. Con el cabello limpio y h\u00famedo, pulverice el S.O.S Bio Hair Cystina Spray de medios a puntas, distribuyendo de manera uniforme. No enjuagar. Finalice como de costumbre: deje secar al aire o utilice secador para potenciar su efecto fortalecedor.   <\/p>\n","protected":false},"excerpt":{"rendered":"<p>El S.O.S Bio Hair Cystina Spray es un tratamiento capilar intensivo en formato spray, formulado con cistina y activos bio-reconstructores que act\u00faan directamente sobre la fibra capilar debilitada. Su acci\u00f3n inmediata fortalece, repara y protege el cabello contra la rotura, devolvi\u00e9ndole vitalidad, resistencia y un brillo saludable. Ideal para cabellos&#8230;  <\/p>\n","protected":false},"featured_media":4720,"comment_status":"open","ping_status":"closed","template":"","meta":{"_acf_changed":false,"site-sidebar-layout":"default","site-content-layout":"","ast-site-content-layout":"default","site-content-style":"default","site-sidebar-style":"default","ast-global-header-display":"","ast-banner-title-visibility":"","ast-main-header-display":"","ast-hfb-above-header-display":"","ast-hfb-below-header-display":"","ast-hfb-mobile-header-display":"","site-post-title":"","ast-breadcrumbs-content":"","ast-featured-img":"","footer-sml-layout":"","ast-disable-related-posts":"","theme-transparent-header-meta":"default","adv-header-id-meta":"","stick-header-meta":"","header-above-stick-meta":"","header-main-stick-meta":"","header-below-stick-meta":"","astra-migrate-meta-layouts":"default","ast-page-background-enabled":"default","ast-page-background-meta":{"desktop":{"background-color":"var(--ast-global-color-5)","background-image":"","background-repeat":"repeat","background-position":"center center","background-size":"auto","background-attachment":"scroll","background-type":"","background-media":"","overlay-type":"","overlay-color":"","overlay-opacity":"","overlay-gradient":""},"tablet":{"background-color":"","background-image":"","background-repeat":"repeat","background-position":"center center","background-size":"auto","background-attachment":"scroll","background-type":"","background-media":"","overlay-type":"","overlay-color":"","overlay-opacity":"","overlay-gradient":""},"mobile":{"background-color":"","background-image":"","background-repeat":"repeat","background-position":"center center","background-size":"auto","background-attachment":"scroll","background-type":"","background-media":"","overlay-type":"","overlay-color":"","overlay-opacity":"","overlay-gradient":""}},"ast-content-background-meta":{"desktop":{"background-color":"var(--ast-global-color-4)","background-image":"","background-repeat":"repeat","background-position":"center center","background-size":"auto","background-attachment":"scroll","background-type":"","background-media":"","overlay-type":"","overlay-color":"","overlay-opacity":"","overlay-gradient":""},"tablet":{"background-color":"var(--ast-global-color-4)","background-image":"","background-repeat":"repeat","background-position":"center center","background-size":"auto","background-attachment":"scroll","background-type":"","background-media":"","overlay-type":"","overlay-color":"","overlay-opacity":"","overlay-gradient":""},"mobile":{"background-color":"var(--ast-global-color-4)","background-image":"","background-repeat":"repeat","background-position":"center center","background-size":"auto","background-attachment":"scroll","background-type":"","background-media":"","overlay-type":"","overlay-color":"","overlay-opacity":"","overlay-gradient":""}}},"product_brand":[222],"product_cat":[182,190],"product_tag":[213],"class_list":{"0":"post-4718","1":"product","2":"type-product","3":"status-publish","4":"has-post-thumbnail","6":"product_brand-mirra-professional","7":"product_cat-profesional","8":"product_cat-tratamientos","9":"product_tag-repair","10":"desktop-align-left","11":"tablet-align-left","12":"mobile-align-left","14":"first","15":"instock","16":"taxable","17":"shipping-taxable","18":"purchasable","19":"product-type-simple"},"bundled_by":[],"bundle_stock_status":"instock","bundle_stock_quantity":2,"bundle_virtual":false,"bundle_layout":"","bundle_add_to_cart_form_location":"","bundle_editable_in_cart":false,"bundle_sold_individually_context":"","bundle_item_grouping":"","bundle_min_size":"","bundle_max_size":"","bundle_price":[],"bundled_items":[],"bundle_sell_ids":[],"supplier_id":931,"supplier_sku":"7898557840568","barcode":"7898557840568","atum_controlled":true,"out_stock_date":null,"out_stock_threshold":null,"inheritable":false,"inbound_stock":0,"stock_on_hold":0,"sold_today":0,"sales_last_days":0,"reserved_stock":0,"customer_returns":0,"warehouse_damage":0,"lost_in_post":0,"other_logs":0,"out_stock_days":0,"lost_sales":0,"has_location":false,"update_date":"2026-04-11T00:07:11","atum_locations":[],"atum_stock_status":"instock","restock_status":false,"low_stock_amount":"","sales_update_date":"2026-04-11T00:07:11","calc_backorders":null,"acf":[],"_links":{"self":[{"href":"https:\/\/wordpress.destelayr.com\/es\/wp-json\/wp\/v2\/product\/4718","targetHints":{"allow":["GET"]}}],"collection":[{"href":"https:\/\/wordpress.destelayr.com\/es\/wp-json\/wp\/v2\/product"}],"about":[{"href":"https:\/\/wordpress.destelayr.com\/es\/wp-json\/wp\/v2\/types\/product"}],"replies":[{"embeddable":true,"href":"https:\/\/wordpress.destelayr.com\/es\/wp-json\/wp\/v2\/comments?post=4718"}],"wp:featuredmedia":[{"embeddable":true,"href":"https:\/\/wordpress.destelayr.com\/es\/wp-json\/wp\/v2\/media\/4720"}],"wp:attachment":[{"href":"https:\/\/wordpress.destelayr.com\/es\/wp-json\/wp\/v2\/media?parent=4718"}],"wp:term":[{"taxonomy":"product_brand","embeddable":true,"href":"https:\/\/wordpress.destelayr.com\/es\/wp-json\/wp\/v2\/product_brand?post=4718"},{"taxonomy":"product_cat","embeddable":true,"href":"https:\/\/wordpress.destelayr.com\/es\/wp-json\/wp\/v2\/product_cat?post=4718"},{"taxonomy":"product_tag","embeddable":true,"href":"https:\/\/wordpress.destelayr.com\/es\/wp-json\/wp\/v2\/product_tag?post=4718"}],"curies":[{"name":"wp","href":"https:\/\/api.w.org\/{rel}","templated":true}]}}