{"id":4697,"date":"2025-11-17T11:12:04","date_gmt":"2025-11-17T11:12:04","guid":{"rendered":"https:\/\/wordpress.destelayr.com\/product\/recovery-hair-mask-8-45-oz\/"},"modified":"2026-03-04T13:44:02","modified_gmt":"2026-03-04T19:44:02","slug":"recovery-hair-mask-8-45-oz","status":"publish","type":"product","link":"https:\/\/wordpress.destelayr.com\/es\/product\/recovery-hair-mask-8-45-oz\/","title":{"rendered":"Recovery Hair Mask"},"content":{"rendered":"<p>Mascarilla intensa para cabellos fr\u00e1giles, secos o da\u00f1ados. Repara, nutre e hidrata profundamente, restaurando la elasticidad y el brillo desde la ra\u00edz hasta las puntas. Contiene biol\u00edpidos y manteca de karit\u00e9 que sellan la fibra capilar y dejan un toque sedoso y saludable.  <\/p>\n<p>Beneficios: reparaci\u00f3n, nutrici\u00f3n, sellado, hidrataci\u00f3n, elasticidad, brillo y suavidad.<\/p>\n<p>Modo de uso: aplicar sobre cabello h\u00famedo despu\u00e9s del shampoo, dejar actuar 5 minutos, desenredar y enjuagar. Finalizar con un leave-in Phytoca. <\/p>\n<p>Ingredientes clave: biol\u00edpidos, manteca de karit\u00e9.<\/p>\n<p>Size: 250 g<\/p>\n<div style=\"padding: 177.78% 0 0 0; position: relative;\"><iframe style=\"position: absolute; top: 0; left: 0; width: 100%; height: 100%;\" title=\"Recovery\" src=\"https:\/\/player.vimeo.com\/video\/1166500392?h=85958351cf&amp;badge=0&amp;autopause=0&amp;player_id=0&amp;app_id=58479\"><\/iframe><\/div>\n","protected":false},"excerpt":{"rendered":"<p>Mascarilla capilar intensiva para cabello fr\u00e1gil, seco o da\u00f1ado. Repara, nutre e hidrata profundamente, restaurando la elasticidad y el brillo de ra\u00edz a puntas. Contiene biol\u00edpidos y manteca de karit\u00e9 que sellan la fibra capilar, dejando una sensaci\u00f3n sedosa y saludable. Beneficios: reparaci\u00f3n, nutrici\u00f3n, sellado, hidrataci\u00f3n, elasticidad, brillo&#8230;<\/p>\n","protected":false},"featured_media":4698,"comment_status":"open","ping_status":"closed","template":"","meta":{"_acf_changed":false,"site-sidebar-layout":"default","site-content-layout":"","ast-site-content-layout":"default","site-content-style":"default","site-sidebar-style":"default","ast-global-header-display":"","ast-banner-title-visibility":"","ast-main-header-display":"","ast-hfb-above-header-display":"","ast-hfb-below-header-display":"","ast-hfb-mobile-header-display":"","site-post-title":"","ast-breadcrumbs-content":"","ast-featured-img":"","footer-sml-layout":"","ast-disable-related-posts":"","theme-transparent-header-meta":"default","adv-header-id-meta":"","stick-header-meta":"","header-above-stick-meta":"","header-main-stick-meta":"","header-below-stick-meta":"","astra-migrate-meta-layouts":"default","ast-page-background-enabled":"default","ast-page-background-meta":{"desktop":{"background-color":"var(--ast-global-color-5)","background-image":"","background-repeat":"repeat","background-position":"center center","background-size":"auto","background-attachment":"scroll","background-type":"","background-media":"","overlay-type":"","overlay-color":"","overlay-opacity":"","overlay-gradient":""},"tablet":{"background-color":"","background-image":"","background-repeat":"repeat","background-position":"center center","background-size":"auto","background-attachment":"scroll","background-type":"","background-media":"","overlay-type":"","overlay-color":"","overlay-opacity":"","overlay-gradient":""},"mobile":{"background-color":"","background-image":"","background-repeat":"repeat","background-position":"center center","background-size":"auto","background-attachment":"scroll","background-type":"","background-media":"","overlay-type":"","overlay-color":"","overlay-opacity":"","overlay-gradient":""}},"ast-content-background-meta":{"desktop":{"background-color":"var(--ast-global-color-4)","background-image":"","background-repeat":"repeat","background-position":"center center","background-size":"auto","background-attachment":"scroll","background-type":"","background-media":"","overlay-type":"","overlay-color":"","overlay-opacity":"","overlay-gradient":""},"tablet":{"background-color":"var(--ast-global-color-4)","background-image":"","background-repeat":"repeat","background-position":"center center","background-size":"auto","background-attachment":"scroll","background-type":"","background-media":"","overlay-type":"","overlay-color":"","overlay-opacity":"","overlay-gradient":""},"mobile":{"background-color":"var(--ast-global-color-4)","background-image":"","background-repeat":"repeat","background-position":"center center","background-size":"auto","background-attachment":"scroll","background-type":"","background-media":"","overlay-type":"","overlay-color":"","overlay-opacity":"","overlay-gradient":""}}},"product_brand":[223],"product_cat":[178,166],"product_tag":[203,213],"class_list":{"0":"post-4697","1":"product","2":"type-product","3":"status-publish","4":"has-post-thumbnail","6":"product_brand-phytoca-cosmetics","7":"product_cat-mascarillas","8":"product_cat-todos-los-productos","9":"product_tag-mask","10":"product_tag-repair","11":"desktop-align-left","12":"tablet-align-left","13":"mobile-align-left","15":"first","16":"instock","17":"taxable","18":"shipping-taxable","19":"purchasable","20":"product-type-simple"},"bundled_by":["4476","4512"],"bundle_stock_status":"instock","bundle_stock_quantity":86,"bundle_virtual":false,"bundle_layout":"","bundle_add_to_cart_form_location":"","bundle_editable_in_cart":false,"bundle_sold_individually_context":"","bundle_item_grouping":"","bundle_min_size":"","bundle_max_size":"","bundle_price":[],"bundled_items":[],"bundle_sell_ids":[],"supplier_id":929,"supplier_sku":"PTKMRC002","barcode":"7898456316706","atum_controlled":true,"out_stock_date":null,"out_stock_threshold":null,"inheritable":false,"inbound_stock":0,"stock_on_hold":0,"sold_today":0,"sales_last_days":0,"reserved_stock":0,"customer_returns":0,"warehouse_damage":0,"lost_in_post":0,"other_logs":0,"out_stock_days":0,"lost_sales":0,"has_location":false,"update_date":"2026-04-12T00:07:13","atum_locations":[],"atum_stock_status":"instock","restock_status":false,"low_stock_amount":"","sales_update_date":"2026-04-12T00:07:13","calc_backorders":null,"acf":[],"_links":{"self":[{"href":"https:\/\/wordpress.destelayr.com\/es\/wp-json\/wp\/v2\/product\/4697","targetHints":{"allow":["GET"]}}],"collection":[{"href":"https:\/\/wordpress.destelayr.com\/es\/wp-json\/wp\/v2\/product"}],"about":[{"href":"https:\/\/wordpress.destelayr.com\/es\/wp-json\/wp\/v2\/types\/product"}],"replies":[{"embeddable":true,"href":"https:\/\/wordpress.destelayr.com\/es\/wp-json\/wp\/v2\/comments?post=4697"}],"wp:featuredmedia":[{"embeddable":true,"href":"https:\/\/wordpress.destelayr.com\/es\/wp-json\/wp\/v2\/media\/4698"}],"wp:attachment":[{"href":"https:\/\/wordpress.destelayr.com\/es\/wp-json\/wp\/v2\/media?parent=4697"}],"wp:term":[{"taxonomy":"product_brand","embeddable":true,"href":"https:\/\/wordpress.destelayr.com\/es\/wp-json\/wp\/v2\/product_brand?post=4697"},{"taxonomy":"product_cat","embeddable":true,"href":"https:\/\/wordpress.destelayr.com\/es\/wp-json\/wp\/v2\/product_cat?post=4697"},{"taxonomy":"product_tag","embeddable":true,"href":"https:\/\/wordpress.destelayr.com\/es\/wp-json\/wp\/v2\/product_tag?post=4697"}],"curies":[{"name":"wp","href":"https:\/\/api.w.org\/{rel}","templated":true}]}}