{"id":4692,"date":"2025-11-17T11:12:03","date_gmt":"2025-11-17T11:12:03","guid":{"rendered":"https:\/\/wordpress.destelayr.com\/product\/recovery-anti-break-16-9-oz\/"},"modified":"2026-03-04T13:41:38","modified_gmt":"2026-03-04T19:41:38","slug":"recovery-anti-break-16-9-oz","status":"publish","type":"product","link":"https:\/\/wordpress.destelayr.com\/es\/product\/recovery-anti-break-16-9-oz\/","title":{"rendered":"Recovery Anti-Break"},"content":{"rendered":"<p>Tratamiento regenerador anti-rotura para cabello d\u00e9bil, quebradizo o da\u00f1ado. Su f\u00f3rmula avanzada con PhytoBreak, \u00c1cido Hialur\u00f3nico Hydra y ComplexCell reconstruye la fibra capilar desde dentro, mejora la elasticidad y previene la rotura, dejando el cabello visiblemente m\u00e1s fuerte y resistente. <\/p>\n<p>Beneficios<br \/>\nReparaci\u00f3n profunda de la estructura capilar.<br \/>\nMayor fuerza y \u200b\u200belasticidad.<br \/>\nM\u00e1s cuerpo, suavidad y brillo saludable.<\/p>\n<p>Ideal para coloraciones agresivas.<\/p>\n<p>Ingredientes clave<br \/>\nPhytoBreak<br \/>\n\u00c1cido Hialur\u00f3nico Hydra<br \/>\nComplexCell (complejo de queratina, ceramidas y l\u00edpidos esenciales)<\/p>\n<p>Recomendado para:<br \/>\nCabello debilitado por procesos qu\u00edmicos, coloraci\u00f3n, decoloraci\u00f3n o uso excesivo de herramientas de peinado con calor.<\/p>\n<div style=\"padding: 177.78% 0 0 0; position: relative;\"><iframe style=\"position: absolute; top: 0; left: 0; width: 100%; height: 100%;\" title=\"Recovery Professional\" src=\"https:\/\/player.vimeo.com\/video\/1128541633?badge=0&amp;autopause=0&amp;player_id=0&amp;app_id=58479\" frameborder=\"0\"><\/iframe><\/div>\n<p><script src=\"https:\/\/player.vimeo.com\/api\/player.js\"><\/script><\/p>\n","protected":false},"excerpt":{"rendered":"<p>Tratamiento regenerador anti-rotura para cabello d\u00e9bil, quebradizo o da\u00f1ado. Su f\u00f3rmula avanzada con PhytoBreak, \u00c1cido Hialur\u00f3nico Hydra y ComplexCell reconstruye la fibra capilar desde dentro, mejora la elasticidad y previene la rotura, dejando el cabello visiblemente m\u00e1s fuerte y resistente.  Beneficios: Reparaci\u00f3n profunda de la estructura capilar, mayor resistencia y elasticidad, m\u00e1s cuerpo,&#8230;<\/p>\n","protected":false},"featured_media":4693,"comment_status":"open","ping_status":"closed","template":"","meta":{"_acf_changed":false,"site-sidebar-layout":"default","site-content-layout":"","ast-site-content-layout":"default","site-content-style":"default","site-sidebar-style":"default","ast-global-header-display":"","ast-banner-title-visibility":"","ast-main-header-display":"","ast-hfb-above-header-display":"","ast-hfb-below-header-display":"","ast-hfb-mobile-header-display":"","site-post-title":"","ast-breadcrumbs-content":"","ast-featured-img":"","footer-sml-layout":"","ast-disable-related-posts":"","theme-transparent-header-meta":"default","adv-header-id-meta":"","stick-header-meta":"","header-above-stick-meta":"","header-main-stick-meta":"","header-below-stick-meta":"","astra-migrate-meta-layouts":"default","ast-page-background-enabled":"default","ast-page-background-meta":{"desktop":{"background-color":"var(--ast-global-color-5)","background-image":"","background-repeat":"repeat","background-position":"center center","background-size":"auto","background-attachment":"scroll","background-type":"","background-media":"","overlay-type":"","overlay-color":"","overlay-opacity":"","overlay-gradient":""},"tablet":{"background-color":"","background-image":"","background-repeat":"repeat","background-position":"center center","background-size":"auto","background-attachment":"scroll","background-type":"","background-media":"","overlay-type":"","overlay-color":"","overlay-opacity":"","overlay-gradient":""},"mobile":{"background-color":"","background-image":"","background-repeat":"repeat","background-position":"center center","background-size":"auto","background-attachment":"scroll","background-type":"","background-media":"","overlay-type":"","overlay-color":"","overlay-opacity":"","overlay-gradient":""}},"ast-content-background-meta":{"desktop":{"background-color":"var(--ast-global-color-4)","background-image":"","background-repeat":"repeat","background-position":"center center","background-size":"auto","background-attachment":"scroll","background-type":"","background-media":"","overlay-type":"","overlay-color":"","overlay-opacity":"","overlay-gradient":""},"tablet":{"background-color":"var(--ast-global-color-4)","background-image":"","background-repeat":"repeat","background-position":"center center","background-size":"auto","background-attachment":"scroll","background-type":"","background-media":"","overlay-type":"","overlay-color":"","overlay-opacity":"","overlay-gradient":""},"mobile":{"background-color":"var(--ast-global-color-4)","background-image":"","background-repeat":"repeat","background-position":"center center","background-size":"auto","background-attachment":"scroll","background-type":"","background-media":"","overlay-type":"","overlay-color":"","overlay-opacity":"","overlay-gradient":""}}},"product_brand":[223],"product_cat":[182],"product_tag":[213],"class_list":{"0":"post-4692","1":"product","2":"type-product","3":"status-publish","4":"has-post-thumbnail","6":"product_brand-phytoca-cosmetics","7":"product_cat-profesional","8":"product_tag-repair","9":"desktop-align-left","10":"tablet-align-left","11":"mobile-align-left","13":"first","14":"instock","15":"taxable","16":"shipping-taxable","17":"purchasable","18":"product-type-simple"},"bundled_by":["4526"],"bundle_stock_status":"instock","bundle_stock_quantity":33,"bundle_virtual":false,"bundle_layout":"","bundle_add_to_cart_form_location":"","bundle_editable_in_cart":false,"bundle_sold_individually_context":"","bundle_item_grouping":"","bundle_min_size":"","bundle_max_size":"","bundle_price":[],"bundled_items":[],"bundle_sell_ids":[],"supplier_id":929,"supplier_sku":"PTKTRC001","barcode":"7898456317550","atum_controlled":true,"out_stock_date":null,"out_stock_threshold":null,"inheritable":false,"inbound_stock":0,"stock_on_hold":0,"sold_today":0,"sales_last_days":0,"reserved_stock":0,"customer_returns":0,"warehouse_damage":0,"lost_in_post":0,"other_logs":0,"out_stock_days":0,"lost_sales":0,"has_location":false,"update_date":"2026-04-12T00:07:10","atum_locations":[],"atum_stock_status":"instock","restock_status":false,"low_stock_amount":"","sales_update_date":"2026-04-12T00:07:10","calc_backorders":null,"acf":[],"_links":{"self":[{"href":"https:\/\/wordpress.destelayr.com\/es\/wp-json\/wp\/v2\/product\/4692","targetHints":{"allow":["GET"]}}],"collection":[{"href":"https:\/\/wordpress.destelayr.com\/es\/wp-json\/wp\/v2\/product"}],"about":[{"href":"https:\/\/wordpress.destelayr.com\/es\/wp-json\/wp\/v2\/types\/product"}],"replies":[{"embeddable":true,"href":"https:\/\/wordpress.destelayr.com\/es\/wp-json\/wp\/v2\/comments?post=4692"}],"wp:featuredmedia":[{"embeddable":true,"href":"https:\/\/wordpress.destelayr.com\/es\/wp-json\/wp\/v2\/media\/4693"}],"wp:attachment":[{"href":"https:\/\/wordpress.destelayr.com\/es\/wp-json\/wp\/v2\/media?parent=4692"}],"wp:term":[{"taxonomy":"product_brand","embeddable":true,"href":"https:\/\/wordpress.destelayr.com\/es\/wp-json\/wp\/v2\/product_brand?post=4692"},{"taxonomy":"product_cat","embeddable":true,"href":"https:\/\/wordpress.destelayr.com\/es\/wp-json\/wp\/v2\/product_cat?post=4692"},{"taxonomy":"product_tag","embeddable":true,"href":"https:\/\/wordpress.destelayr.com\/es\/wp-json\/wp\/v2\/product_tag?post=4692"}],"curies":[{"name":"wp","href":"https:\/\/api.w.org\/{rel}","templated":true}]}}