{"id":4605,"date":"2025-11-17T11:11:55","date_gmt":"2025-11-17T11:11:55","guid":{"rendered":"https:\/\/wordpress.destelayr.com\/product\/protein-fusion-reparador-leave-in-140ml\/"},"modified":"2026-03-04T13:34:58","modified_gmt":"2026-03-04T19:34:58","slug":"protein-fusion-reparador-leave-in-140ml","status":"publish","type":"product","link":"https:\/\/wordpress.destelayr.com\/es\/product\/protein-fusion-reparador-leave-in-140ml\/","title":{"rendered":"Protein Fusion Leave-In"},"content":{"rendered":"<p>Acondicionador sin enjuague Protein Fusion Repair \u2013 140 ml<\/p>\n<p>El Protein Fusion Repair Leave-In es un tratamiento sin enjuague que protege, repara y fortalece el cabello debilitado. Su f\u00f3rmula con prote\u00ednas y amino\u00e1cidos mejora la resistencia, elasticidad y brillo, controlando el frizz y protegiendo contra el calor y los da\u00f1os externos. <\/p>\n<p>Recomendado para cabellos da\u00f1ados, quebradizos o tratados qu\u00edmicamente que necesitan nutrici\u00f3n y protecci\u00f3n diaria.<br \/>\nRepara, fortalece, suaviza, aporta brillo y deja el cabello manejable y saludable sin sensaci\u00f3n pesada.<\/p>\n<div style=\"padding: 177.78% 0 0 0; position: relative;\"><iframe style=\"position: absolute; top: 0; left: 0; width: 100%; height: 100%;\" title=\"Protein Fusion\" src=\"https:\/\/player.vimeo.com\/video\/1156661157?badge=0&amp;autopause=0&amp;player_id=0&amp;app_id=58479\" frameborder=\"0\"><\/iframe><\/div>\n<p><script src=\"https:\/\/player.vimeo.com\/api\/player.js\"><\/script><\/p>\n","protected":false},"excerpt":{"rendered":"<p>Protein Fusion Repair Leave-In \u2013 140ml El Protein Fusion Repair Leave-In es un tratamiento sin enjuague que protege, repara y fortalece el cabello debilitado. Su f\u00f3rmula con prote\u00ednas y amino\u00e1cidos mejora la resistencia, elasticidad y brillo, controlando el frizz y protegiendo contra el calor y los da\u00f1os externos. Recomendado para&#8230;  <\/p>\n","protected":false},"featured_media":4608,"comment_status":"open","ping_status":"closed","template":"","meta":{"_acf_changed":false,"site-sidebar-layout":"default","site-content-layout":"","ast-site-content-layout":"default","site-content-style":"default","site-sidebar-style":"default","ast-global-header-display":"","ast-banner-title-visibility":"","ast-main-header-display":"","ast-hfb-above-header-display":"","ast-hfb-below-header-display":"","ast-hfb-mobile-header-display":"","site-post-title":"","ast-breadcrumbs-content":"","ast-featured-img":"","footer-sml-layout":"","ast-disable-related-posts":"","theme-transparent-header-meta":"default","adv-header-id-meta":"","stick-header-meta":"","header-above-stick-meta":"","header-main-stick-meta":"","header-below-stick-meta":"","astra-migrate-meta-layouts":"default","ast-page-background-enabled":"default","ast-page-background-meta":{"desktop":{"background-color":"var(--ast-global-color-5)","background-image":"","background-repeat":"repeat","background-position":"center center","background-size":"auto","background-attachment":"scroll","background-type":"","background-media":"","overlay-type":"","overlay-color":"","overlay-opacity":"","overlay-gradient":""},"tablet":{"background-color":"","background-image":"","background-repeat":"repeat","background-position":"center center","background-size":"auto","background-attachment":"scroll","background-type":"","background-media":"","overlay-type":"","overlay-color":"","overlay-opacity":"","overlay-gradient":""},"mobile":{"background-color":"","background-image":"","background-repeat":"repeat","background-position":"center center","background-size":"auto","background-attachment":"scroll","background-type":"","background-media":"","overlay-type":"","overlay-color":"","overlay-opacity":"","overlay-gradient":""}},"ast-content-background-meta":{"desktop":{"background-color":"var(--ast-global-color-4)","background-image":"","background-repeat":"repeat","background-position":"center center","background-size":"auto","background-attachment":"scroll","background-type":"","background-media":"","overlay-type":"","overlay-color":"","overlay-opacity":"","overlay-gradient":""},"tablet":{"background-color":"var(--ast-global-color-4)","background-image":"","background-repeat":"repeat","background-position":"center center","background-size":"auto","background-attachment":"scroll","background-type":"","background-media":"","overlay-type":"","overlay-color":"","overlay-opacity":"","overlay-gradient":""},"mobile":{"background-color":"var(--ast-global-color-4)","background-image":"","background-repeat":"repeat","background-position":"center center","background-size":"auto","background-attachment":"scroll","background-type":"","background-media":"","overlay-type":"","overlay-color":"","overlay-opacity":"","overlay-gradient":""}}},"product_brand":[221],"product_cat":[192,166],"product_tag":[202,213],"class_list":{"0":"post-4605","1":"product","2":"type-product","3":"status-publish","4":"has-post-thumbnail","6":"product_brand-maison-visage","7":"product_cat-leave-in","8":"product_cat-todos-los-productos","9":"product_tag-leave-in","10":"product_tag-repair","11":"desktop-align-left","12":"tablet-align-left","13":"mobile-align-left","15":"first","16":"instock","17":"taxable","18":"shipping-taxable","19":"purchasable","20":"product-type-simple"},"bundled_by":["4461"],"bundle_stock_status":"instock","bundle_stock_quantity":45,"bundle_virtual":false,"bundle_layout":"","bundle_add_to_cart_form_location":"","bundle_editable_in_cart":false,"bundle_sold_individually_context":"","bundle_item_grouping":"","bundle_min_size":"","bundle_max_size":"","bundle_price":[],"bundled_items":[],"bundle_sell_ids":[],"supplier_id":931,"supplier_sku":"7898557842470","barcode":"7898557842470","atum_controlled":true,"out_stock_date":null,"out_stock_threshold":null,"inheritable":false,"inbound_stock":12,"stock_on_hold":0,"sold_today":0,"sales_last_days":0,"reserved_stock":0,"customer_returns":0,"warehouse_damage":0,"lost_in_post":0,"other_logs":0,"out_stock_days":0,"lost_sales":0,"has_location":false,"update_date":"2026-04-12T00:07:15","atum_locations":[],"atum_stock_status":"instock","restock_status":false,"low_stock_amount":"","sales_update_date":"2026-04-12T00:07:15","calc_backorders":null,"acf":[],"_links":{"self":[{"href":"https:\/\/wordpress.destelayr.com\/es\/wp-json\/wp\/v2\/product\/4605","targetHints":{"allow":["GET"]}}],"collection":[{"href":"https:\/\/wordpress.destelayr.com\/es\/wp-json\/wp\/v2\/product"}],"about":[{"href":"https:\/\/wordpress.destelayr.com\/es\/wp-json\/wp\/v2\/types\/product"}],"replies":[{"embeddable":true,"href":"https:\/\/wordpress.destelayr.com\/es\/wp-json\/wp\/v2\/comments?post=4605"}],"wp:featuredmedia":[{"embeddable":true,"href":"https:\/\/wordpress.destelayr.com\/es\/wp-json\/wp\/v2\/media\/4608"}],"wp:attachment":[{"href":"https:\/\/wordpress.destelayr.com\/es\/wp-json\/wp\/v2\/media?parent=4605"}],"wp:term":[{"taxonomy":"product_brand","embeddable":true,"href":"https:\/\/wordpress.destelayr.com\/es\/wp-json\/wp\/v2\/product_brand?post=4605"},{"taxonomy":"product_cat","embeddable":true,"href":"https:\/\/wordpress.destelayr.com\/es\/wp-json\/wp\/v2\/product_cat?post=4605"},{"taxonomy":"product_tag","embeddable":true,"href":"https:\/\/wordpress.destelayr.com\/es\/wp-json\/wp\/v2\/product_tag?post=4605"}],"curies":[{"name":"wp","href":"https:\/\/api.w.org\/{rel}","templated":true}]}}