{"id":4474,"date":"2026-02-11T11:41:14","date_gmt":"2026-02-11T17:41:14","guid":{"rendered":"https:\/\/wordpress.destelayr.com\/product\/finalizadores-perfectos\/"},"modified":"2026-03-05T14:32:38","modified_gmt":"2026-03-05T20:32:38","slug":"perfect-finishers","status":"publish","type":"product","link":"https:\/\/wordpress.destelayr.com\/es\/product\/perfect-finishers\/","title":{"rendered":"Finalizadores Perfectos"},"content":{"rendered":"<p>Kit de Finalizadores Profesionales \u2013 Control, Protecci\u00f3n y Brillo Extremo<\/p>\n<p>Transforma el acabado de tu cabello con este poderoso tr\u00edo de finalizaci\u00f3n profesional, dise\u00f1ado para dejar el cabello completamente disciplinado, protegido y con un brillo espectacular.<\/p>\n<p>\ud83d\udc8e Resultados:<br \/>\n\u2022Cabello sin frizz<br \/>\n\u2022Alta protecci\u00f3n t\u00e9rmica<br \/>\n\u2022Hidrataci\u00f3n profunda<br \/>\n\u2022Suavidad inmediata<br \/>\n\u2022Brillo radiante<br \/>\n\u2022Acabado sedoso y profesion<\/p>\n<p>\u2728 Modo de uso<\/p>\n<p>1\ufe0f\u20e3 \ufe0fDefrizante Termoprotector<br \/>\nAplica una peque\u00f1a cantidad sobre el cabello h\u00famedo y distribuye uniformemente. Peina para facilitar el desenredo y activar su acci\u00f3n antifrizz.<\/p>\n<p>2\ufe0f\u20e3 Protector T\u00e9rmico Amino Extreme<br \/>\nAplica de medios a puntas para reforzar la protecci\u00f3n t\u00e9rmica. Procede a secar el cabello con secadora y, si lo deseas, finaliza con plancha.( la plancha es opcional).<\/p>\n<p>3\ufe0f\u20e3 Elixir Reparador de Arg\u00e1n (Puntas)<br \/>\nCon el cabello completamente seco, aplica unas gotas en medios y puntas para sellar, aportar brillo y suavidad.<br \/>\n.<\/p>\n","protected":false},"excerpt":{"rendered":"<p>Kit de Finalizadores Profesionales \u2013 Control, Protecci\u00f3n y Brillo Extremo Transforma el acabado de tu cabello con este poderoso tr\u00edo [&hellip;]<\/p>\n","protected":false},"featured_media":4078,"comment_status":"open","ping_status":"closed","template":"","meta":{"_acf_changed":false,"site-sidebar-layout":"default","site-content-layout":"","ast-site-content-layout":"default","site-content-style":"default","site-sidebar-style":"default","ast-global-header-display":"","ast-banner-title-visibility":"","ast-main-header-display":"","ast-hfb-above-header-display":"","ast-hfb-below-header-display":"","ast-hfb-mobile-header-display":"","site-post-title":"","ast-breadcrumbs-content":"","ast-featured-img":"","footer-sml-layout":"","ast-disable-related-posts":"","theme-transparent-header-meta":"default","adv-header-id-meta":"","stick-header-meta":"","header-above-stick-meta":"","header-main-stick-meta":"","header-below-stick-meta":"","astra-migrate-meta-layouts":"set","ast-page-background-enabled":"default","ast-page-background-meta":{"desktop":{"background-color":"var(--ast-global-color-5)","background-image":"","background-repeat":"repeat","background-position":"center center","background-size":"auto","background-attachment":"scroll","background-type":"","background-media":"","overlay-type":"","overlay-color":"","overlay-opacity":"","overlay-gradient":""},"tablet":{"background-color":"","background-image":"","background-repeat":"repeat","background-position":"center center","background-size":"auto","background-attachment":"scroll","background-type":"","background-media":"","overlay-type":"","overlay-color":"","overlay-opacity":"","overlay-gradient":""},"mobile":{"background-color":"","background-image":"","background-repeat":"repeat","background-position":"center center","background-size":"auto","background-attachment":"scroll","background-type":"","background-media":"","overlay-type":"","overlay-color":"","overlay-opacity":"","overlay-gradient":""}},"ast-content-background-meta":{"desktop":{"background-color":"var(--ast-global-color-4)","background-image":"","background-repeat":"repeat","background-position":"center center","background-size":"auto","background-attachment":"scroll","background-type":"","background-media":"","overlay-type":"","overlay-color":"","overlay-opacity":"","overlay-gradient":""},"tablet":{"background-color":"var(--ast-global-color-4)","background-image":"","background-repeat":"repeat","background-position":"center center","background-size":"auto","background-attachment":"scroll","background-type":"","background-media":"","overlay-type":"","overlay-color":"","overlay-opacity":"","overlay-gradient":""},"mobile":{"background-color":"var(--ast-global-color-4)","background-image":"","background-repeat":"repeat","background-position":"center center","background-size":"auto","background-attachment":"scroll","background-type":"","background-media":"","overlay-type":"","overlay-color":"","overlay-opacity":"","overlay-gradient":""}}},"product_brand":[221,222],"product_cat":[176,166],"product_tag":[],"class_list":{"0":"post-4474","1":"product","2":"type-product","3":"status-publish","4":"has-post-thumbnail","6":"product_brand-maison-visage","7":"product_brand-mirra-professional","8":"product_cat-combos","9":"product_cat-todos-los-productos","10":"desktop-align-left","11":"tablet-align-left","12":"mobile-align-left","14":"first","15":"instock","16":"virtual","17":"taxable","18":"purchasable","19":"product-type-bundle"},"bundled_by":[],"bundle_stock_status":"instock","bundle_stock_quantity":15,"bundle_virtual":false,"bundle_layout":"default","bundle_add_to_cart_form_location":"default","bundle_editable_in_cart":false,"bundle_sold_individually_context":"product","bundle_item_grouping":"parent","bundle_min_size":"","bundle_max_size":"","bundle_price":{"price":{"min":{"incl_tax":"118","excl_tax":"118"},"max":{"incl_tax":"118","excl_tax":"118"}},"regular_price":{"min":{"incl_tax":"118","excl_tax":"118"},"max":{"incl_tax":"118","excl_tax":"118"}}},"bundled_items":[{"bundled_item_id":780,"product_id":4451,"menu_order":0,"quantity_min":1,"quantity_max":1,"quantity_default":1,"priced_individually":false,"shipped_individually":false,"override_title":false,"title":"Heat Protectant Frizz Control","override_description":false,"description":"Heat Protectant Frizz Control","optional":false,"hide_thumbnail":false,"discount":"","override_variations":false,"allowed_variations":[""],"override_default_variation_attributes":false,"default_variation_attributes":[],"single_product_visibility":"visible","cart_visibility":"visible","order_visibility":"visible","single_product_price_visibility":"visible","cart_price_visibility":"visible","order_price_visibility":"visible","stock_status":"in_stock"},{"bundled_item_id":781,"product_id":5223,"menu_order":1,"quantity_min":1,"quantity_max":1,"quantity_default":1,"priced_individually":false,"shipped_individually":false,"override_title":false,"title":"Amino Extreme","override_description":false,"description":"Amino Extreme","optional":false,"hide_thumbnail":false,"discount":"","override_variations":false,"allowed_variations":[""],"override_default_variation_attributes":false,"default_variation_attributes":[],"single_product_visibility":"visible","cart_visibility":"visible","order_visibility":"visible","single_product_price_visibility":"visible","cart_price_visibility":"visible","order_price_visibility":"visible","stock_status":"in_stock"},{"bundled_item_id":782,"product_id":4665,"menu_order":2,"quantity_min":1,"quantity_max":1,"quantity_default":1,"priced_individually":false,"shipped_individually":false,"override_title":false,"title":"Gold Elixir Argan &amp; Chia","override_description":false,"description":"Gold Elixir Argan &amp; Chia","optional":false,"hide_thumbnail":false,"discount":"","override_variations":false,"allowed_variations":[""],"override_default_variation_attributes":false,"default_variation_attributes":[],"single_product_visibility":"visible","cart_visibility":"visible","order_visibility":"visible","single_product_price_visibility":"visible","cart_price_visibility":"visible","order_price_visibility":"visible","stock_status":"in_stock"}],"bundle_sell_ids":[],"supplier_id":931,"supplier_sku":"","barcode":null,"atum_controlled":true,"out_stock_date":null,"out_stock_threshold":null,"inheritable":true,"inbound_stock":0,"stock_on_hold":0,"sold_today":0,"sales_last_days":0,"reserved_stock":0,"customer_returns":0,"warehouse_damage":0,"lost_in_post":0,"other_logs":0,"out_stock_days":0,"lost_sales":0,"has_location":false,"update_date":"2026-04-12T00:07:12","atum_locations":[],"atum_stock_status":"instock","restock_status":false,"low_stock_amount":"","sales_update_date":"2026-04-12T00:07:12","calc_backorders":null,"acf":[],"_links":{"self":[{"href":"https:\/\/wordpress.destelayr.com\/es\/wp-json\/wp\/v2\/product\/4474","targetHints":{"allow":["GET"]}}],"collection":[{"href":"https:\/\/wordpress.destelayr.com\/es\/wp-json\/wp\/v2\/product"}],"about":[{"href":"https:\/\/wordpress.destelayr.com\/es\/wp-json\/wp\/v2\/types\/product"}],"replies":[{"embeddable":true,"href":"https:\/\/wordpress.destelayr.com\/es\/wp-json\/wp\/v2\/comments?post=4474"}],"wp:featuredmedia":[{"embeddable":true,"href":"https:\/\/wordpress.destelayr.com\/es\/wp-json\/wp\/v2\/media\/4078"}],"wp:attachment":[{"href":"https:\/\/wordpress.destelayr.com\/es\/wp-json\/wp\/v2\/media?parent=4474"}],"wp:term":[{"taxonomy":"product_brand","embeddable":true,"href":"https:\/\/wordpress.destelayr.com\/es\/wp-json\/wp\/v2\/product_brand?post=4474"},{"taxonomy":"product_cat","embeddable":true,"href":"https:\/\/wordpress.destelayr.com\/es\/wp-json\/wp\/v2\/product_cat?post=4474"},{"taxonomy":"product_tag","embeddable":true,"href":"https:\/\/wordpress.destelayr.com\/es\/wp-json\/wp\/v2\/product_tag?post=4474"}],"curies":[{"name":"wp","href":"https:\/\/api.w.org\/{rel}","templated":true}]}}