{"id":4469,"date":"2026-01-22T11:43:41","date_gmt":"2026-01-22T17:43:41","guid":{"rendered":"https:\/\/wordpress.destelayr.com\/product\/omega-complex-bundle\/"},"modified":"2026-03-09T14:02:52","modified_gmt":"2026-03-09T19:02:52","slug":"omega-complex-bundle","status":"publish","type":"product","link":"https:\/\/wordpress.destelayr.com\/es\/product\/omega-complex-bundle\/","title":{"rendered":"Omega Complex"},"content":{"rendered":"<p>TRATAMIENTO NUTRITIVO CON ACEITE SUBLIMADOR \u2013 FUERZA, BRILLO Y REGENERACI\u00d3N<\/p>\n<p>Tratamiento nutritivo premium con aceite sublimador, tambi\u00e9n disponible para salones profesionales. Ideal para aportar grosor, fuerza y vitalidad al cabello. Forma una pel\u00edcula protectora que envuelve las fibras capilares, restaurando y engrosando las da\u00f1adas.<\/p>\n<p>Nutre e ilumina en profundidad todo tipo de cabello, aportando un brillo espl\u00e9ndido y una textura suave y sedosa. Su f\u00f3rmula exclusiva combina una infusi\u00f3n de aceites preciosos, que regeneran completamente la fibra capilar.<\/p>\n<p>Principales activos:<\/p>\n<p>Aceite complejo nanotecnol\u00f3gico: Aceite omega que regenera la fibra capilar.<\/p>\n<p>Aceite de oliva: Aporta brillo intenso y duradero.<\/p>\n<p>Aceite de s\u00e9samo: Brinda fuerza y resistencia.<\/p>\n<p>Aceite de germen de ma\u00edz: Proporciona nutrici\u00f3n profunda y suavidad.<\/p>\n<div style=\"padding: 177.78% 0 0 0; position: relative;\"><iframe style=\"position: absolute; top: 0; left: 0; width: 100%; height: 100%;\" title=\"Nutrici\u00f3n (T\u00fatano y caviar y Omega)\" src=\"https:\/\/player.vimeo.com\/video\/1156661088?badge=0&amp;autopause=0&amp;player_id=0&amp;app_id=58479\" frameborder=\"0\"><\/iframe><\/div>\n<p><script src=\"https:\/\/player.vimeo.com\/api\/player.js\"><\/script><\/p>\n","protected":false},"excerpt":{"rendered":"<p>TRATAMIENTO NUTRITIVO CON ACEITE SUBLIMADOR \u2013 FUERZA, BRILLO Y REGENERACI\u00d3N Tratamiento nutritivo premium con aceite sublimador, tambi\u00e9n disponible para salones [&hellip;]<\/p>\n","protected":false},"featured_media":4199,"comment_status":"open","ping_status":"closed","template":"","meta":{"_acf_changed":false,"site-sidebar-layout":"default","site-content-layout":"","ast-site-content-layout":"default","site-content-style":"default","site-sidebar-style":"default","ast-global-header-display":"","ast-banner-title-visibility":"","ast-main-header-display":"","ast-hfb-above-header-display":"","ast-hfb-below-header-display":"","ast-hfb-mobile-header-display":"","site-post-title":"","ast-breadcrumbs-content":"","ast-featured-img":"","footer-sml-layout":"","ast-disable-related-posts":"","theme-transparent-header-meta":"default","adv-header-id-meta":"","stick-header-meta":"","header-above-stick-meta":"","header-main-stick-meta":"","header-below-stick-meta":"","astra-migrate-meta-layouts":"set","ast-page-background-enabled":"default","ast-page-background-meta":{"desktop":{"background-color":"var(--ast-global-color-5)","background-image":"","background-repeat":"repeat","background-position":"center center","background-size":"auto","background-attachment":"scroll","background-type":"","background-media":"","overlay-type":"","overlay-color":"","overlay-opacity":"","overlay-gradient":""},"tablet":{"background-color":"","background-image":"","background-repeat":"repeat","background-position":"center center","background-size":"auto","background-attachment":"scroll","background-type":"","background-media":"","overlay-type":"","overlay-color":"","overlay-opacity":"","overlay-gradient":""},"mobile":{"background-color":"","background-image":"","background-repeat":"repeat","background-position":"center center","background-size":"auto","background-attachment":"scroll","background-type":"","background-media":"","overlay-type":"","overlay-color":"","overlay-opacity":"","overlay-gradient":""}},"ast-content-background-meta":{"desktop":{"background-color":"var(--ast-global-color-4)","background-image":"","background-repeat":"repeat","background-position":"center center","background-size":"auto","background-attachment":"scroll","background-type":"","background-media":"","overlay-type":"","overlay-color":"","overlay-opacity":"","overlay-gradient":""},"tablet":{"background-color":"var(--ast-global-color-4)","background-image":"","background-repeat":"repeat","background-position":"center center","background-size":"auto","background-attachment":"scroll","background-type":"","background-media":"","overlay-type":"","overlay-color":"","overlay-opacity":"","overlay-gradient":""},"mobile":{"background-color":"var(--ast-global-color-4)","background-image":"","background-repeat":"repeat","background-position":"center center","background-size":"auto","background-attachment":"scroll","background-type":"","background-media":"","overlay-type":"","overlay-color":"","overlay-opacity":"","overlay-gradient":""}}},"product_brand":[221],"product_cat":[176,166],"product_tag":[199],"class_list":{"0":"post-4469","1":"product","2":"type-product","3":"status-publish","4":"has-post-thumbnail","6":"product_brand-maison-visage","7":"product_cat-combos","8":"product_cat-todos-los-productos","9":"product_tag-bundle","10":"desktop-align-left","11":"tablet-align-left","12":"mobile-align-left","14":"first","15":"instock","16":"virtual","17":"taxable","18":"purchasable","19":"product-type-bundle"},"bundled_by":[],"bundle_stock_status":"instock","bundle_stock_quantity":42,"bundle_virtual":false,"bundle_layout":"default","bundle_add_to_cart_form_location":"default","bundle_editable_in_cart":false,"bundle_sold_individually_context":"product","bundle_item_grouping":"parent","bundle_min_size":"","bundle_max_size":"","bundle_price":{"price":{"min":{"incl_tax":"113","excl_tax":"113"},"max":{"incl_tax":"113","excl_tax":"113"}},"regular_price":{"min":{"incl_tax":"113","excl_tax":"113"},"max":{"incl_tax":"113","excl_tax":"113"}}},"bundled_items":[{"bundled_item_id":536,"product_id":4635,"menu_order":0,"quantity_min":1,"quantity_max":1,"quantity_default":1,"priced_individually":false,"shipped_individually":false,"override_title":false,"title":"Omega Complex Shampoo","override_description":false,"description":"Omega Complex Shampoo","optional":false,"hide_thumbnail":false,"discount":"","override_variations":false,"allowed_variations":[""],"override_default_variation_attributes":false,"default_variation_attributes":[],"single_product_visibility":"visible","cart_visibility":"visible","order_visibility":"visible","single_product_price_visibility":"visible","cart_price_visibility":"visible","order_price_visibility":"visible","stock_status":"in_stock"},{"bundled_item_id":537,"product_id":4661,"menu_order":1,"quantity_min":1,"quantity_max":1,"quantity_default":1,"priced_individually":false,"shipped_individually":false,"override_title":false,"title":"Omega Complex Conditioner","override_description":false,"description":"Omega Complex Conditioner","optional":false,"hide_thumbnail":false,"discount":"","override_variations":false,"allowed_variations":[""],"override_default_variation_attributes":false,"default_variation_attributes":[],"single_product_visibility":"visible","cart_visibility":"visible","order_visibility":"visible","single_product_price_visibility":"visible","cart_price_visibility":"visible","order_price_visibility":"visible","stock_status":"in_stock"},{"bundled_item_id":538,"product_id":4655,"menu_order":2,"quantity_min":1,"quantity_max":1,"quantity_default":1,"priced_individually":false,"shipped_individually":false,"override_title":false,"title":"Omega Complex Mask","override_description":false,"description":"Omega Complex Mask","optional":false,"hide_thumbnail":false,"discount":"","override_variations":false,"allowed_variations":[""],"override_default_variation_attributes":false,"default_variation_attributes":[],"single_product_visibility":"visible","cart_visibility":"visible","order_visibility":"visible","single_product_price_visibility":"visible","cart_price_visibility":"visible","order_price_visibility":"visible","stock_status":"in_stock"},{"bundled_item_id":539,"product_id":4652,"menu_order":3,"quantity_min":1,"quantity_max":1,"quantity_default":1,"priced_individually":false,"shipped_individually":false,"override_title":false,"title":"Omega Complex Leave-In","override_description":false,"description":"Omega Complex Leave-In","optional":false,"hide_thumbnail":false,"discount":"","override_variations":false,"allowed_variations":[""],"override_default_variation_attributes":false,"default_variation_attributes":[],"single_product_visibility":"visible","cart_visibility":"visible","order_visibility":"visible","single_product_price_visibility":"visible","cart_price_visibility":"visible","order_price_visibility":"visible","stock_status":"in_stock"}],"bundle_sell_ids":[],"supplier_id":931,"supplier_sku":"","barcode":null,"atum_controlled":true,"out_stock_date":null,"out_stock_threshold":null,"inheritable":true,"inbound_stock":0,"stock_on_hold":0,"sold_today":0,"sales_last_days":0,"reserved_stock":0,"customer_returns":0,"warehouse_damage":0,"lost_in_post":0,"other_logs":0,"out_stock_days":0,"lost_sales":0,"has_location":false,"update_date":"2026-04-12T00:07:08","atum_locations":[],"atum_stock_status":"instock","restock_status":false,"low_stock_amount":"","sales_update_date":"2026-04-12T00:07:08","calc_backorders":null,"acf":[],"_links":{"self":[{"href":"https:\/\/wordpress.destelayr.com\/es\/wp-json\/wp\/v2\/product\/4469","targetHints":{"allow":["GET"]}}],"collection":[{"href":"https:\/\/wordpress.destelayr.com\/es\/wp-json\/wp\/v2\/product"}],"about":[{"href":"https:\/\/wordpress.destelayr.com\/es\/wp-json\/wp\/v2\/types\/product"}],"replies":[{"embeddable":true,"href":"https:\/\/wordpress.destelayr.com\/es\/wp-json\/wp\/v2\/comments?post=4469"}],"wp:featuredmedia":[{"embeddable":true,"href":"https:\/\/wordpress.destelayr.com\/es\/wp-json\/wp\/v2\/media\/4199"}],"wp:attachment":[{"href":"https:\/\/wordpress.destelayr.com\/es\/wp-json\/wp\/v2\/media?parent=4469"}],"wp:term":[{"taxonomy":"product_brand","embeddable":true,"href":"https:\/\/wordpress.destelayr.com\/es\/wp-json\/wp\/v2\/product_brand?post=4469"},{"taxonomy":"product_cat","embeddable":true,"href":"https:\/\/wordpress.destelayr.com\/es\/wp-json\/wp\/v2\/product_cat?post=4469"},{"taxonomy":"product_tag","embeddable":true,"href":"https:\/\/wordpress.destelayr.com\/es\/wp-json\/wp\/v2\/product_tag?post=4469"}],"curies":[{"name":"wp","href":"https:\/\/api.w.org\/{rel}","templated":true}]}}