{"id":4436,"date":"2025-11-17T11:11:34","date_gmt":"2025-11-17T11:11:34","guid":{"rendered":"https:\/\/wordpress.destelayr.com\/product\/nutricion-vegetal-mask-500g\/"},"modified":"2026-03-18T16:26:37","modified_gmt":"2026-03-18T21:26:37","slug":"plant-nutrition-mask-500g","status":"publish","type":"product","link":"https:\/\/wordpress.destelayr.com\/es\/product\/plant-nutrition-mask-500g\/","title":{"rendered":"Nutrici\u00f3n Vegetal Mask"},"content":{"rendered":"<p>Nutrici\u00f3n Vegetal Mask \u2013 500g es un tratamiento intensivo formulado con extractos vegetales que act\u00faan directamente en la fibra capilar para devolverle fuerza, suavidad y vitalidad. Su acci\u00f3n profunda repara los da\u00f1os causados por procesos qu\u00edmicos, calor y factores externos, dejando el cabello hidratado, sedoso y lleno de brillo natural.<\/p>\n<p>Ideal para cabello seco, debilitado o sin vida, ya que restaura la estructura capilar y proporciona un efecto revitalizante de larga duraci\u00f3n.<\/p>\n<p>Ofrece una nutrici\u00f3n profunda con ingredientes activos de origen vegetal, repara y fortalece las fibras capilares da\u00f1adas, proporciona hidrataci\u00f3n intensa, brillo y suavidad, combate el encrespamiento y mejora la elasticidad. Es un tratamiento ideal para mantener un cabello sano y resistente.<\/p>\n<div style=\"padding: 177.78% 0 0 0; position: relative;\"><iframe style=\"position: absolute; top: 0; left: 0; width: 100%; height: 100%;\" title=\"Nutricion vegetal\" src=\"https:\/\/player.vimeo.com\/video\/1129021571?h=9627ddb7fb&amp;badge=0&amp;autopause=0&amp;player_id=0&amp;app_id=58479\"><\/iframe><\/div>\n<div style=\"padding: 165.56% 0 0 0; position: relative;\"><iframe style=\"position: absolute; top: 0; left: 0; width: 100%; height: 100%;\" title=\"Nutricion vegetal kit\" src=\"https:\/\/player.vimeo.com\/video\/1174223100?h=e464033b33&amp;badge=0&amp;autopause=0&amp;player_id=0&amp;app_id=58479\" frameborder=\"0\"><\/iframe><\/div>\n<p><script src=\"https:\/\/player.vimeo.com\/api\/player.js\"><\/script><\/p>\n<div style=\"padding: 177.78% 0 0 0; position: relative;\"><iframe style=\"position: absolute; top: 0; left: 0; width: 100%; height: 100%;\" title=\"Nutricio\u0301n vegetal mascara\" src=\"https:\/\/player.vimeo.com\/video\/1174223123?h=81b5bfb4b7&amp;badge=0&amp;autopause=0&amp;player_id=0&amp;app_id=58479\" frameborder=\"0\"><\/iframe><\/div>\n<p><script src=\"https:\/\/player.vimeo.com\/api\/player.js\"><\/script><\/p>\n","protected":false},"excerpt":{"rendered":"<p>Nutrici\u00f3n Vegetal Mask \u2013 500g es un tratamiento intensivo formulado con extractos vegetales que act\u00faan directamente en la fibra capilar para devolverle fuerza, suavidad y vitalidad. Su acci\u00f3n profunda repara los da\u00f1os causados por procesos qu\u00edmicos, calor y factores externos, dejando el cabello hidratado, sedoso y lleno de brillo natural&#8230;.<\/p>\n","protected":false},"featured_media":4438,"comment_status":"open","ping_status":"closed","template":"","meta":{"_acf_changed":false,"site-sidebar-layout":"default","site-content-layout":"","ast-site-content-layout":"default","site-content-style":"default","site-sidebar-style":"default","ast-global-header-display":"","ast-banner-title-visibility":"","ast-main-header-display":"","ast-hfb-above-header-display":"","ast-hfb-below-header-display":"","ast-hfb-mobile-header-display":"","site-post-title":"","ast-breadcrumbs-content":"","ast-featured-img":"","footer-sml-layout":"","ast-disable-related-posts":"","theme-transparent-header-meta":"default","adv-header-id-meta":"","stick-header-meta":"","header-above-stick-meta":"","header-main-stick-meta":"","header-below-stick-meta":"","astra-migrate-meta-layouts":"set","ast-page-background-enabled":"default","ast-page-background-meta":{"desktop":{"background-color":"var(--ast-global-color-5)","background-image":"","background-repeat":"repeat","background-position":"center center","background-size":"auto","background-attachment":"scroll","background-type":"","background-media":"","overlay-type":"","overlay-color":"","overlay-opacity":"","overlay-gradient":""},"tablet":{"background-color":"","background-image":"","background-repeat":"repeat","background-position":"center center","background-size":"auto","background-attachment":"scroll","background-type":"","background-media":"","overlay-type":"","overlay-color":"","overlay-opacity":"","overlay-gradient":""},"mobile":{"background-color":"","background-image":"","background-repeat":"repeat","background-position":"center center","background-size":"auto","background-attachment":"scroll","background-type":"","background-media":"","overlay-type":"","overlay-color":"","overlay-opacity":"","overlay-gradient":""}},"ast-content-background-meta":{"desktop":{"background-color":"var(--ast-global-color-4)","background-image":"","background-repeat":"repeat","background-position":"center center","background-size":"auto","background-attachment":"scroll","background-type":"","background-media":"","overlay-type":"","overlay-color":"","overlay-opacity":"","overlay-gradient":""},"tablet":{"background-color":"var(--ast-global-color-4)","background-image":"","background-repeat":"repeat","background-position":"center center","background-size":"auto","background-attachment":"scroll","background-type":"","background-media":"","overlay-type":"","overlay-color":"","overlay-opacity":"","overlay-gradient":""},"mobile":{"background-color":"var(--ast-global-color-4)","background-image":"","background-repeat":"repeat","background-position":"center center","background-size":"auto","background-attachment":"scroll","background-type":"","background-media":"","overlay-type":"","overlay-color":"","overlay-opacity":"","overlay-gradient":""}}},"product_brand":[222],"product_cat":[178,166],"product_tag":[203],"class_list":{"0":"post-4436","1":"product","2":"type-product","3":"status-publish","4":"has-post-thumbnail","6":"product_brand-mirra-professional","7":"product_cat-mascarillas","8":"product_cat-todos-los-productos","9":"product_tag-mask","10":"desktop-align-left","11":"tablet-align-left","12":"mobile-align-left","14":"first","15":"instock","16":"taxable","17":"shipping-taxable","18":"purchasable","19":"product-type-simple"},"bundled_by":[],"bundle_stock_status":"instock","bundle_stock_quantity":15,"bundle_virtual":false,"bundle_layout":"","bundle_add_to_cart_form_location":"","bundle_editable_in_cart":false,"bundle_sold_individually_context":"","bundle_item_grouping":"","bundle_min_size":"","bundle_max_size":"","bundle_price":[],"bundled_items":[],"bundle_sell_ids":[],"supplier_id":931,"supplier_sku":"7898904344039","barcode":"7898904344039","atum_controlled":true,"out_stock_date":null,"out_stock_threshold":null,"inheritable":false,"inbound_stock":0,"stock_on_hold":0,"sold_today":0,"sales_last_days":0,"reserved_stock":0,"customer_returns":0,"warehouse_damage":0,"lost_in_post":0,"other_logs":0,"out_stock_days":0,"lost_sales":0,"has_location":false,"update_date":"2026-04-12T00:07:16","atum_locations":[],"atum_stock_status":"instock","restock_status":false,"low_stock_amount":"","sales_update_date":"2026-04-12T00:07:16","calc_backorders":null,"acf":[],"_links":{"self":[{"href":"https:\/\/wordpress.destelayr.com\/es\/wp-json\/wp\/v2\/product\/4436","targetHints":{"allow":["GET"]}}],"collection":[{"href":"https:\/\/wordpress.destelayr.com\/es\/wp-json\/wp\/v2\/product"}],"about":[{"href":"https:\/\/wordpress.destelayr.com\/es\/wp-json\/wp\/v2\/types\/product"}],"replies":[{"embeddable":true,"href":"https:\/\/wordpress.destelayr.com\/es\/wp-json\/wp\/v2\/comments?post=4436"}],"wp:featuredmedia":[{"embeddable":true,"href":"https:\/\/wordpress.destelayr.com\/es\/wp-json\/wp\/v2\/media\/4438"}],"wp:attachment":[{"href":"https:\/\/wordpress.destelayr.com\/es\/wp-json\/wp\/v2\/media?parent=4436"}],"wp:term":[{"taxonomy":"product_brand","embeddable":true,"href":"https:\/\/wordpress.destelayr.com\/es\/wp-json\/wp\/v2\/product_brand?post=4436"},{"taxonomy":"product_cat","embeddable":true,"href":"https:\/\/wordpress.destelayr.com\/es\/wp-json\/wp\/v2\/product_cat?post=4436"},{"taxonomy":"product_tag","embeddable":true,"href":"https:\/\/wordpress.destelayr.com\/es\/wp-json\/wp\/v2\/product_tag?post=4436"}],"curies":[{"name":"wp","href":"https:\/\/api.w.org\/{rel}","templated":true}]}}