{"id":4359,"date":"2025-11-17T11:10:25","date_gmt":"2025-11-17T11:10:25","guid":{"rendered":"https:\/\/wordpress.destelayr.com\/product\/fusion-cmc-mini-creamy-oil-treatment\/"},"modified":"2026-03-04T13:13:47","modified_gmt":"2026-03-04T19:13:47","slug":"fusion-cmc-mini-creamy-oil-treatment","status":"publish","type":"product","link":"https:\/\/wordpress.destelayr.com\/es\/product\/fusion-cmc-mini-creamy-oil-treatment\/","title":{"rendered":"Fusion CMC &#8211; Mini Oil Treatment"},"content":{"rendered":"<p>El Mini Fusion CMC Creamy Oil es la presentaci\u00f3n de viaje o muestra profesional del Passo 3 del tratamiento Fusion CMC. Su f\u00f3rmula enriquecida con el Complejo CMC(Complejo de Membrana Celular) y aceites nutritivos de alta tecnolog\u00eda sella la cut\u00edcula capilar tras los pasos 1 y 2, prolongando los resultados del tratamiento. <\/p>\n<p>Este sellador capilar ligero aporta brillo intenso, suavidad duradera y protecci\u00f3n contra agresiones externas como calor, contaminaci\u00f3n y humedad. Gracias a su tama\u00f1o compacto, es ideal para estilistas que desean entregar muestras a sus clientes o para quienes buscan un producto pr\u00e1ctico para llevar en la bolsa o de viaje. <\/p>\n<p>\u2728 Beneficios principales<br \/>\nSella la cut\u00edcula y prolonga el tratamiento. Controla el frizz y aporta brillo espejo. Protege contra calor y agentes externos. Deja el cabello suave, ligero y con movimiento natural. Presentaci\u00f3n pr\u00e1ctica de 50 ml, perfecta para viajes o uso profesional como muestra.    <\/p>\n<p>\ud83d\udcd6 How to Use<br \/>\nApply a small amount to clean, damp hair, from mid-lengths to ends. Do not rinse. Finish as usual with drying or ironing for a better seal.  <\/p>\n","protected":false},"excerpt":{"rendered":"<p>El Mini Fusion CMC Creamy Oil es la presentaci\u00f3n de viaje o muestra profesional del Passo 3 del tratamiento Fusion CMC. Su f\u00f3rmula enriquecida con el Complejo CMC(Complejo de Membrana Celular) y aceites nutritivos de alta tecnolog\u00eda sella la cut\u00edcula capilar tras los pasos 1 y 2, prolongando los resultados del&#8230; <\/p>\n","protected":false},"featured_media":4360,"comment_status":"open","ping_status":"closed","template":"","meta":{"_acf_changed":false,"site-sidebar-layout":"default","site-content-layout":"","ast-site-content-layout":"default","site-content-style":"default","site-sidebar-style":"default","ast-global-header-display":"","ast-banner-title-visibility":"","ast-main-header-display":"","ast-hfb-above-header-display":"","ast-hfb-below-header-display":"","ast-hfb-mobile-header-display":"","site-post-title":"","ast-breadcrumbs-content":"","ast-featured-img":"","footer-sml-layout":"","ast-disable-related-posts":"","theme-transparent-header-meta":"default","adv-header-id-meta":"","stick-header-meta":"","header-above-stick-meta":"","header-main-stick-meta":"","header-below-stick-meta":"","astra-migrate-meta-layouts":"default","ast-page-background-enabled":"default","ast-page-background-meta":{"desktop":{"background-color":"var(--ast-global-color-5)","background-image":"","background-repeat":"repeat","background-position":"center center","background-size":"auto","background-attachment":"scroll","background-type":"","background-media":"","overlay-type":"","overlay-color":"","overlay-opacity":"","overlay-gradient":""},"tablet":{"background-color":"","background-image":"","background-repeat":"repeat","background-position":"center center","background-size":"auto","background-attachment":"scroll","background-type":"","background-media":"","overlay-type":"","overlay-color":"","overlay-opacity":"","overlay-gradient":""},"mobile":{"background-color":"","background-image":"","background-repeat":"repeat","background-position":"center center","background-size":"auto","background-attachment":"scroll","background-type":"","background-media":"","overlay-type":"","overlay-color":"","overlay-opacity":"","overlay-gradient":""}},"ast-content-background-meta":{"desktop":{"background-color":"var(--ast-global-color-4)","background-image":"","background-repeat":"repeat","background-position":"center center","background-size":"auto","background-attachment":"scroll","background-type":"","background-media":"","overlay-type":"","overlay-color":"","overlay-opacity":"","overlay-gradient":""},"tablet":{"background-color":"var(--ast-global-color-4)","background-image":"","background-repeat":"repeat","background-position":"center center","background-size":"auto","background-attachment":"scroll","background-type":"","background-media":"","overlay-type":"","overlay-color":"","overlay-opacity":"","overlay-gradient":""},"mobile":{"background-color":"var(--ast-global-color-4)","background-image":"","background-repeat":"repeat","background-position":"center center","background-size":"auto","background-attachment":"scroll","background-type":"","background-media":"","overlay-type":"","overlay-color":"","overlay-opacity":"","overlay-gradient":""}}},"product_brand":[222],"product_cat":[192,166],"product_tag":[213],"class_list":{"0":"post-4359","1":"product","2":"type-product","3":"status-publish","4":"has-post-thumbnail","6":"product_brand-mirra-professional","7":"product_cat-leave-in","8":"product_cat-todos-los-productos","9":"product_tag-repair","10":"desktop-align-left","11":"tablet-align-left","12":"mobile-align-left","14":"first","15":"instock","16":"taxable","17":"shipping-taxable","18":"purchasable","19":"product-type-simple"},"bundled_by":[],"bundle_stock_status":"instock","bundle_stock_quantity":49,"bundle_virtual":false,"bundle_layout":"","bundle_add_to_cart_form_location":"","bundle_editable_in_cart":false,"bundle_sold_individually_context":"","bundle_item_grouping":"","bundle_min_size":"","bundle_max_size":"","bundle_price":[],"bundled_items":[],"bundle_sell_ids":[],"supplier_id":931,"supplier_sku":"7898557843095","barcode":"7898557843095","atum_controlled":true,"out_stock_date":null,"out_stock_threshold":null,"inheritable":false,"inbound_stock":0,"stock_on_hold":0,"sold_today":0,"sales_last_days":0,"reserved_stock":0,"customer_returns":0,"warehouse_damage":0,"lost_in_post":0,"other_logs":0,"out_stock_days":0,"lost_sales":0,"has_location":false,"update_date":"2026-04-12T00:07:10","atum_locations":[],"atum_stock_status":"instock","restock_status":false,"low_stock_amount":"","sales_update_date":"2026-04-12T00:07:10","calc_backorders":null,"acf":[],"_links":{"self":[{"href":"https:\/\/wordpress.destelayr.com\/es\/wp-json\/wp\/v2\/product\/4359","targetHints":{"allow":["GET"]}}],"collection":[{"href":"https:\/\/wordpress.destelayr.com\/es\/wp-json\/wp\/v2\/product"}],"about":[{"href":"https:\/\/wordpress.destelayr.com\/es\/wp-json\/wp\/v2\/types\/product"}],"replies":[{"embeddable":true,"href":"https:\/\/wordpress.destelayr.com\/es\/wp-json\/wp\/v2\/comments?post=4359"}],"wp:featuredmedia":[{"embeddable":true,"href":"https:\/\/wordpress.destelayr.com\/es\/wp-json\/wp\/v2\/media\/4360"}],"wp:attachment":[{"href":"https:\/\/wordpress.destelayr.com\/es\/wp-json\/wp\/v2\/media?parent=4359"}],"wp:term":[{"taxonomy":"product_brand","embeddable":true,"href":"https:\/\/wordpress.destelayr.com\/es\/wp-json\/wp\/v2\/product_brand?post=4359"},{"taxonomy":"product_cat","embeddable":true,"href":"https:\/\/wordpress.destelayr.com\/es\/wp-json\/wp\/v2\/product_cat?post=4359"},{"taxonomy":"product_tag","embeddable":true,"href":"https:\/\/wordpress.destelayr.com\/es\/wp-json\/wp\/v2\/product_tag?post=4359"}],"curies":[{"name":"wp","href":"https:\/\/api.w.org\/{rel}","templated":true}]}}