{"id":4355,"date":"2025-11-17T11:10:22","date_gmt":"2025-11-17T11:10:22","guid":{"rendered":"https:\/\/wordpress.destelayr.com\/product\/fusion-cmc-balsamo-passo-2-750-ml\/"},"modified":"2026-03-04T13:13:46","modified_gmt":"2026-03-04T19:13:46","slug":"fusion-cmc-balm-step-2-750-ml","status":"publish","type":"product","link":"https:\/\/wordpress.destelayr.com\/es\/product\/fusion-cmc-balm-step-2-750-ml\/","title":{"rendered":"Fusion CMC &#8211; Balm &#8211; Step 2"},"content":{"rendered":"<p>Es el segundo paso del tratamiento Fusion CMC, dise\u00f1ado para reparar en profundidad la fibra capilar tras la limpieza con el Shampoo Fusion CMC. Su f\u00f3rmula enriquecida con el Complejo CMC (Complejo de Membrana Celular) act\u00faa directamente en las \u00e1reas m\u00e1s da\u00f1adas del cabello, recuperando la cohesi\u00f3n celular y devolviendo fuerza, elasticidad y resistencia. <\/p>\n<p>Este b\u00e1lsamo de tratamiento intensivo hidrata, nutre y fortalece el cabello debilitado por procesos qu\u00edmicos o agresiones externas, prepar\u00e1ndolo para el sellado final con el Passo 3. El resultado es un cabello visiblemente m\u00e1s fuerte, suave y con brillo saludable. <\/p>\n<p>\u2728 Beneficios principales<br \/>\nRepara profundamente la fibra capilar. Restaura fuerza y elasticidad. Aporta hidrataci\u00f3n y nutrici\u00f3n intensiva. Refuerza la resistencia frente a da\u00f1os qu\u00edmicos y mec\u00e1nicos. Prepara el cabello para el sellado con el Passo 3.    <\/p>\n<div style=\"padding: 177.78% 0 0 0; position: relative;\"><iframe style=\"position: absolute; top: 0; left: 0; width: 100%; height: 100%;\" title=\"Fusion CMC\" src=\"https:\/\/player.vimeo.com\/video\/1128476839?badge=0&amp;autopause=0&amp;player_id=0&amp;app_id=58479\"><\/iframe><\/div>\n","protected":false},"excerpt":{"rendered":"<p>Es el segundo paso del tratamiento Fusion CMC, dise\u00f1ado para reparar en profundidad la fibra capilar tras la limpieza con el Shampoo Fusion CMC. Su f\u00f3rmula enriquecida con el Complejo CMC (Complejo de Membrana Celular) act\u00faa directamente en las \u00e1reas m\u00e1s da\u00f1adas del cabello, recuperando la cohesi\u00f3n celular y devolviendo fuerza,&#8230; <\/p>\n","protected":false},"featured_media":4356,"comment_status":"open","ping_status":"closed","template":"","meta":{"_acf_changed":false,"site-sidebar-layout":"default","site-content-layout":"","ast-site-content-layout":"default","site-content-style":"default","site-sidebar-style":"default","ast-global-header-display":"","ast-banner-title-visibility":"","ast-main-header-display":"","ast-hfb-above-header-display":"","ast-hfb-below-header-display":"","ast-hfb-mobile-header-display":"","site-post-title":"","ast-breadcrumbs-content":"","ast-featured-img":"","footer-sml-layout":"","ast-disable-related-posts":"","theme-transparent-header-meta":"default","adv-header-id-meta":"","stick-header-meta":"","header-above-stick-meta":"","header-main-stick-meta":"","header-below-stick-meta":"","astra-migrate-meta-layouts":"default","ast-page-background-enabled":"default","ast-page-background-meta":{"desktop":{"background-color":"var(--ast-global-color-5)","background-image":"","background-repeat":"repeat","background-position":"center center","background-size":"auto","background-attachment":"scroll","background-type":"","background-media":"","overlay-type":"","overlay-color":"","overlay-opacity":"","overlay-gradient":""},"tablet":{"background-color":"","background-image":"","background-repeat":"repeat","background-position":"center center","background-size":"auto","background-attachment":"scroll","background-type":"","background-media":"","overlay-type":"","overlay-color":"","overlay-opacity":"","overlay-gradient":""},"mobile":{"background-color":"","background-image":"","background-repeat":"repeat","background-position":"center center","background-size":"auto","background-attachment":"scroll","background-type":"","background-media":"","overlay-type":"","overlay-color":"","overlay-opacity":"","overlay-gradient":""}},"ast-content-background-meta":{"desktop":{"background-color":"var(--ast-global-color-4)","background-image":"","background-repeat":"repeat","background-position":"center center","background-size":"auto","background-attachment":"scroll","background-type":"","background-media":"","overlay-type":"","overlay-color":"","overlay-opacity":"","overlay-gradient":""},"tablet":{"background-color":"var(--ast-global-color-4)","background-image":"","background-repeat":"repeat","background-position":"center center","background-size":"auto","background-attachment":"scroll","background-type":"","background-media":"","overlay-type":"","overlay-color":"","overlay-opacity":"","overlay-gradient":""},"mobile":{"background-color":"var(--ast-global-color-4)","background-image":"","background-repeat":"repeat","background-position":"center center","background-size":"auto","background-attachment":"scroll","background-type":"","background-media":"","overlay-type":"","overlay-color":"","overlay-opacity":"","overlay-gradient":""}}},"product_brand":[222],"product_cat":[182,190],"product_tag":[213],"class_list":{"0":"post-4355","1":"product","2":"type-product","3":"status-publish","4":"has-post-thumbnail","6":"product_brand-mirra-professional","7":"product_cat-profesional","8":"product_cat-tratamientos","9":"product_tag-repair","10":"desktop-align-left","11":"tablet-align-left","12":"mobile-align-left","14":"first","15":"instock","16":"taxable","17":"shipping-taxable","18":"purchasable","19":"product-type-simple"},"bundled_by":["4465"],"bundle_stock_status":"instock","bundle_stock_quantity":16,"bundle_virtual":false,"bundle_layout":"","bundle_add_to_cart_form_location":"","bundle_editable_in_cart":false,"bundle_sold_individually_context":"","bundle_item_grouping":"","bundle_min_size":"","bundle_max_size":"","bundle_price":[],"bundled_items":[],"bundle_sell_ids":[],"supplier_id":931,"supplier_sku":"7898557842166","barcode":"7898557842166","atum_controlled":true,"out_stock_date":null,"out_stock_threshold":null,"inheritable":false,"inbound_stock":0,"stock_on_hold":0,"sold_today":0,"sales_last_days":0,"reserved_stock":0,"customer_returns":0,"warehouse_damage":0,"lost_in_post":0,"other_logs":0,"out_stock_days":0,"lost_sales":0,"has_location":false,"update_date":"2026-04-12T00:07:13","atum_locations":[],"atum_stock_status":"instock","restock_status":false,"low_stock_amount":"","sales_update_date":"2026-04-12T00:07:13","calc_backorders":null,"acf":[],"_links":{"self":[{"href":"https:\/\/wordpress.destelayr.com\/es\/wp-json\/wp\/v2\/product\/4355","targetHints":{"allow":["GET"]}}],"collection":[{"href":"https:\/\/wordpress.destelayr.com\/es\/wp-json\/wp\/v2\/product"}],"about":[{"href":"https:\/\/wordpress.destelayr.com\/es\/wp-json\/wp\/v2\/types\/product"}],"replies":[{"embeddable":true,"href":"https:\/\/wordpress.destelayr.com\/es\/wp-json\/wp\/v2\/comments?post=4355"}],"wp:featuredmedia":[{"embeddable":true,"href":"https:\/\/wordpress.destelayr.com\/es\/wp-json\/wp\/v2\/media\/4356"}],"wp:attachment":[{"href":"https:\/\/wordpress.destelayr.com\/es\/wp-json\/wp\/v2\/media?parent=4355"}],"wp:term":[{"taxonomy":"product_brand","embeddable":true,"href":"https:\/\/wordpress.destelayr.com\/es\/wp-json\/wp\/v2\/product_brand?post=4355"},{"taxonomy":"product_cat","embeddable":true,"href":"https:\/\/wordpress.destelayr.com\/es\/wp-json\/wp\/v2\/product_cat?post=4355"},{"taxonomy":"product_tag","embeddable":true,"href":"https:\/\/wordpress.destelayr.com\/es\/wp-json\/wp\/v2\/product_tag?post=4355"}],"curies":[{"name":"wp","href":"https:\/\/api.w.org\/{rel}","templated":true}]}}