{"id":3743,"date":"2026-01-23T17:03:26","date_gmt":"2026-01-23T23:03:26","guid":{"rendered":"https:\/\/wordpress.destelayr.com\/quienes-somos\/"},"modified":"2026-02-23T16:45:33","modified_gmt":"2026-02-23T22:45:33","slug":"about-us","status":"publish","type":"page","link":"https:\/\/wordpress.destelayr.com\/es\/about-us\/","title":{"rendered":"Qui\u00e9nes Somos"},"content":{"rendered":"<h2 data-start=\"136\" data-end=\"167\"><strong data-start=\"139\" data-end=\"167\">Qui\u00e9nes Somos \u2013 DESTELAYR LLC<\/strong><\/h2>\n<p><strong>Especialistas en Salud Capilar.<\/strong><\/p>\n<p data-start=\"169\" data-end=\"377\">En DESTELAYR LLC, con sede en Round Rock, Texas, redefinimos la experiencia de belleza integral a trav\u00e9s de tres pilares estrat\u00e9gicos: una tienda exclusiva de productos premium, un estudio de belleza especializado y nuestra academia de formaci\u00f3n t\u00e9cnica online.<\/p>\n<h3 data-start=\"169\" data-end=\"377\">\u00bfQu\u00e9 nos diferencia?<\/h3>\n<p data-start=\"379\" data-end=\"542\">Nuestra ventaja competitiva proviene de la experiencia del mundo real. Antes de a\u00f1adir cualquier producto a nuestro cat\u00e1logo, lo sometemos a una rigurosa validaci\u00f3n t\u00e9cnica en nuestro sal\u00f3n profesional. No somos solo una tienda; somos expertos que probamos y aprobamos cada f\u00f3rmula para garantizar resultados reales, seguros y de alto impacto.<\/p>\n<h3 data-start=\"379\" data-end=\"542\">Nuestra Misi\u00f3n<\/h3>\n<p data-start=\"544\" data-end=\"737\">Proveer soluciones capilares de alto desempe\u00f1o basadas en el equilibrio perfecto entre educaci\u00f3n t\u00e9cnica, protocolos de precisi\u00f3n e ingredientes de nivel profesional.<\/p>\n<h3 data-start=\"544\" data-end=\"737\">El Compromiso DESTELAYR<\/h3>\n<p>Integramos la est\u00e9tica con la vanguardia tecnol\u00f3gica para ofrecerte un servicio de excelencia:<\/p>\n<ul>\n<li>Log\u00edstica de Confianza: Env\u00edos r\u00e1pidos y asegurados a todo Estados Unidos.<\/li>\n<li>Asesor\u00eda Global: Atenci\u00f3n personalizada y soporte t\u00e9cnico online, tanto para clientes finales como para estilistas profesionales que buscan elevar su nivel.<\/li>\n<li>Formaci\u00f3n de \u00c9lite: Acceso a capacitaci\u00f3n t\u00e9cnica avanzada a trav\u00e9s de nuestra academia online.<\/li>\n<\/ul>\n<p><strong>DESTELAYR: F\u00f3rmulas Profesionales. Resultados reales.<\/strong><\/p>\n","protected":false},"excerpt":{"rendered":"<p>Qui\u00e9nes Somos \u2013 DESTELAYR LLC Especialistas en Salud Capilar. En DESTELAYR LLC, con sede en Round Rock, Texas, redefinimos la [&hellip;]<\/p>\n","protected":false},"author":679,"featured_media":0,"parent":0,"menu_order":0,"comment_status":"closed","ping_status":"closed","template":"","meta":{"_acf_changed":false,"site-sidebar-layout":"default","site-content-layout":"","ast-site-content-layout":"default","site-content-style":"default","site-sidebar-style":"default","ast-global-header-display":"","ast-banner-title-visibility":"","ast-main-header-display":"","ast-hfb-above-header-display":"","ast-hfb-below-header-display":"","ast-hfb-mobile-header-display":"","site-post-title":"disabled","ast-breadcrumbs-content":"","ast-featured-img":"","footer-sml-layout":"","ast-disable-related-posts":"","theme-transparent-header-meta":"default","adv-header-id-meta":"","stick-header-meta":"","header-above-stick-meta":"","header-main-stick-meta":"","header-below-stick-meta":"","astra-migrate-meta-layouts":"default","ast-page-background-enabled":"default","ast-page-background-meta":{"desktop":{"background-color":"var(--ast-global-color-5)","background-image":"","background-repeat":"repeat","background-position":"center center","background-size":"auto","background-attachment":"scroll","background-type":"","background-media":"","overlay-type":"","overlay-color":"","overlay-opacity":"","overlay-gradient":""},"tablet":{"background-color":"","background-image":"","background-repeat":"repeat","background-position":"center center","background-size":"auto","background-attachment":"scroll","background-type":"","background-media":"","overlay-type":"","overlay-color":"","overlay-opacity":"","overlay-gradient":""},"mobile":{"background-color":"","background-image":"","background-repeat":"repeat","background-position":"center center","background-size":"auto","background-attachment":"scroll","background-type":"","background-media":"","overlay-type":"","overlay-color":"","overlay-opacity":"","overlay-gradient":""}},"ast-content-background-meta":{"desktop":{"background-color":"var(--ast-global-color-4)","background-image":"","background-repeat":"repeat","background-position":"center center","background-size":"auto","background-attachment":"scroll","background-type":"","background-media":"","overlay-type":"","overlay-color":"","overlay-opacity":"","overlay-gradient":""},"tablet":{"background-color":"var(--ast-global-color-4)","background-image":"","background-repeat":"repeat","background-position":"center center","background-size":"auto","background-attachment":"scroll","background-type":"","background-media":"","overlay-type":"","overlay-color":"","overlay-opacity":"","overlay-gradient":""},"mobile":{"background-color":"var(--ast-global-color-4)","background-image":"","background-repeat":"repeat","background-position":"center center","background-size":"auto","background-attachment":"scroll","background-type":"","background-media":"","overlay-type":"","overlay-color":"","overlay-opacity":"","overlay-gradient":""}},"footnotes":""},"class_list":["post-3743","page","type-page","status-publish","hentry"],"acf":[],"_links":{"self":[{"href":"https:\/\/wordpress.destelayr.com\/es\/wp-json\/wp\/v2\/pages\/3743","targetHints":{"allow":["GET"]}}],"collection":[{"href":"https:\/\/wordpress.destelayr.com\/es\/wp-json\/wp\/v2\/pages"}],"about":[{"href":"https:\/\/wordpress.destelayr.com\/es\/wp-json\/wp\/v2\/types\/page"}],"author":[{"embeddable":true,"href":"https:\/\/wordpress.destelayr.com\/es\/wp-json\/wp\/v2\/users\/679"}],"replies":[{"embeddable":true,"href":"https:\/\/wordpress.destelayr.com\/es\/wp-json\/wp\/v2\/comments?post=3743"}],"version-history":[{"count":2,"href":"https:\/\/wordpress.destelayr.com\/es\/wp-json\/wp\/v2\/pages\/3743\/revisions"}],"predecessor-version":[{"id":3942,"href":"https:\/\/wordpress.destelayr.com\/es\/wp-json\/wp\/v2\/pages\/3743\/revisions\/3942"}],"wp:attachment":[{"href":"https:\/\/wordpress.destelayr.com\/es\/wp-json\/wp\/v2\/media?parent=3743"}],"curies":[{"name":"wp","href":"https:\/\/api.w.org\/{rel}","templated":true}]}}