{"id":3490,"date":"2025-11-17T06:55:59","date_gmt":"2025-11-17T12:55:59","guid":{"rendered":"https:\/\/wordpress.destelayr.com\/paquetes-perdidos\/"},"modified":"2026-04-03T18:23:09","modified_gmt":"2026-04-03T23:23:09","slug":"lost-packages","status":"publish","type":"page","link":"https:\/\/wordpress.destelayr.com\/es\/lost-packages\/","title":{"rendered":"Paquetes Perdidos"},"content":{"rendered":"<article class=\"text-token-text-primary w-full focus:outline-none [--shadow-height:45px] has-data-writing-block:pointer-events-none has-data-writing-block:-mt-(--shadow-height) has-data-writing-block:pt-(--shadow-height) [&amp;:has([data-writing-block])&gt;*]:pointer-events-auto scroll-mt-(--header-height)\" dir=\"auto\" tabindex=\"-1\" data-turn-id=\"bb8fa47f-bba7-48c1-9b60-fde611da2575\" data-testid=\"conversation-turn-1\" data-scroll-anchor=\"false\" data-turn=\"user\"><\/article>\n<article class=\"text-token-text-primary w-full focus:outline-none [--shadow-height:45px] has-data-writing-block:pointer-events-none has-data-writing-block:-mt-(--shadow-height) has-data-writing-block:pt-(--shadow-height) [&amp;:has([data-writing-block])&gt;*]:pointer-events-auto scroll-mt-[calc(var(--header-height)+min(200px,max(70px,20svh)))]\" dir=\"auto\" tabindex=\"-1\" data-turn-id=\"request-WEB:b9e0b4c0-bc48-448e-9706-428ea3d7b346-0\" data-testid=\"conversation-turn-2\" data-scroll-anchor=\"true\" data-turn=\"assistant\">\n<div class=\"text-base my-auto mx-auto pb-10 [--thread-content-margin:--spacing(4)] @w-sm\/main:[--thread-content-margin:--spacing(6)] @w-lg\/main:[--thread-content-margin:--spacing(16)] px-(--thread-content-margin)\">\n<div class=\"[--thread-content-max-width:40rem] @w-lg\/main:[--thread-content-max-width:48rem] mx-auto max-w-(--thread-content-max-width) flex-1 group\/turn-messages focus-visible:outline-hidden relative flex w-full min-w-0 flex-col agent-turn\" tabindex=\"-1\">\n<div class=\"flex max-w-full flex-col grow\">\n<div class=\"min-h-8 text-message relative flex w-full flex-col items-end gap-2 text-start break-words whitespace-normal [.text-message+&amp;]:mt-1\" dir=\"auto\" data-message-author-role=\"assistant\" data-message-id=\"64a88436-83c1-4010-abfc-65cc0f3ab596\" data-message-model-slug=\"gpt-5-2\">\n<div class=\"flex w-full flex-col gap-1 empty:hidden first:pt-[1px]\">\n<div class=\"markdown prose dark:prose-invert w-full wrap-break-word dark markdown-new-styling\">\n<p data-start=\"0\" data-end=\"23\"><strong data-start=\"0\" data-end=\"23\">Pol\u00edtica de Paquetes Perdidos<\/strong><\/p>\n<p data-start=\"25\" data-end=\"198\">En DESTELAYR LLC, trabajamos con empresas de transporte confiables y siempre proporcionamos un n\u00famero de seguimiento para cada pedido. Sin embargo, en raras ocasiones, un paquete podr\u00eda perderse durante el transporte. <\/p>\n<p data-start=\"200\" data-end=\"590\">Si su pedido aparece como \u00abentregado\u00bb pero no lo ha recibido, le recomendamos consultar con familiares, vecinos o en la recepci\u00f3n de su edificio. En algunos casos, los transportistas pueden marcar un paquete como entregado antes de entregarlo f\u00edsicamente, por lo que le sugerimos esperar de 24 a 48 horas. Tambi\u00e9n puede contactar directamente con la empresa de transporte (UPS, USPS, FedEx, etc.) para iniciar una investigaci\u00f3n.  <\/p>\n<p data-start=\"592\" data-end=\"766\">Si el paquete no aparece despu\u00e9s de completar estos pasos, por favor, cont\u00e1ctenos:<\/p>\n<p data-start=\"592\" data-end=\"766\"><a class=\"decorated-link cursor-pointer\" rel=\"noopener\" data-start=\"674\" data-end=\"692\"><span style=\"color: #3a3a3a;\">Correo electr\u00f3nico: warehouse<\/span>@destelayr.com, team@destelayr.com<\/a><\/p>\n<p style=\"font-size: 0.95rem; line-height: 1.7; margin-top: 14px;\"><strong>\ud83d\udce6 Soporte de Env\u00edos \u2013 WhatsApp<\/strong><br \/>\n\ud83d\udd57 <strong>Horario de Almac\u00e9n:<\/strong> Lunes \u2013 Domingo, 8:00 \u2013 11:00<\/p>\n<p><a style=\"display: inline-flex; align-items: center; gap: 8px; margin-top: 12px; padding: 11px 20px; background-color: #25d366; color: #fff; text-decoration: none; border-radius: 6px; font-weight: bold; font-size: 0.9rem;\" href=\"https:\/\/wa.me\/17373953537?text=Hola\">\ud83d\udcac Contactar con el equipo de almac\u00e9n<br \/>\n<\/a><\/p>\n<p data-start=\"592\" data-end=\"766\">Estaremos encantados de ayudarle a resolver el asunto con el transportista.<\/p>\n<p data-start=\"768\" data-end=\"988\">En los casos donde el transportista marca un pedido como \u201centregado\u201d pero no ha sido recibido f\u00edsicamente, DESTELAYR no puede garantizar reembolsos o reemplazos a menos que la investigaci\u00f3n confirme oficialmente que el paquete se perdi\u00f3.<\/p>\n<p data-start=\"990\" data-end=\"1043\" data-is-last-node=\"\" data-is-only-node=\"\">Gracias por su comprensi\u00f3n y por confiar en nosotros.<\/p>\n<\/div>\n<\/div>\n<\/div>\n<\/div>\n<\/div>\n<\/div>\n<\/article>\n<p>&nbsp;<\/p>\n<p style=\"font-size: 0.82rem; color: #888; font-style: italic; margin-top: 10px;\">\n","protected":false},"excerpt":{"rendered":"<p>Pol\u00edtica de Paquetes Perdidos En DESTELAYR LLC, trabajamos con empresas de transporte confiables y siempre proporcionamos un n\u00famero de seguimiento [&hellip;]<\/p>\n","protected":false},"author":2,"featured_media":0,"parent":0,"menu_order":0,"comment_status":"closed","ping_status":"closed","template":"","meta":{"_acf_changed":false,"site-sidebar-layout":"default","site-content-layout":"","ast-site-content-layout":"default","site-content-style":"default","site-sidebar-style":"default","ast-global-header-display":"","ast-banner-title-visibility":"","ast-main-header-display":"","ast-hfb-above-header-display":"","ast-hfb-below-header-display":"","ast-hfb-mobile-header-display":"","site-post-title":"disabled","ast-breadcrumbs-content":"","ast-featured-img":"","footer-sml-layout":"","ast-disable-related-posts":"","theme-transparent-header-meta":"default","adv-header-id-meta":"","stick-header-meta":"","header-above-stick-meta":"","header-main-stick-meta":"","header-below-stick-meta":"","astra-migrate-meta-layouts":"set","ast-page-background-enabled":"default","ast-page-background-meta":{"desktop":{"background-color":"var(--ast-global-color-5)","background-image":"","background-repeat":"repeat","background-position":"center center","background-size":"auto","background-attachment":"scroll","background-type":"","background-media":"","overlay-type":"","overlay-color":"","overlay-opacity":"","overlay-gradient":""},"tablet":{"background-color":"","background-image":"","background-repeat":"repeat","background-position":"center center","background-size":"auto","background-attachment":"scroll","background-type":"","background-media":"","overlay-type":"","overlay-color":"","overlay-opacity":"","overlay-gradient":""},"mobile":{"background-color":"","background-image":"","background-repeat":"repeat","background-position":"center center","background-size":"auto","background-attachment":"scroll","background-type":"","background-media":"","overlay-type":"","overlay-color":"","overlay-opacity":"","overlay-gradient":""}},"ast-content-background-meta":{"desktop":{"background-color":"var(--ast-global-color-4)","background-image":"","background-repeat":"repeat","background-position":"center center","background-size":"auto","background-attachment":"scroll","background-type":"","background-media":"","overlay-type":"","overlay-color":"","overlay-opacity":"","overlay-gradient":""},"tablet":{"background-color":"var(--ast-global-color-4)","background-image":"","background-repeat":"repeat","background-position":"center center","background-size":"auto","background-attachment":"scroll","background-type":"","background-media":"","overlay-type":"","overlay-color":"","overlay-opacity":"","overlay-gradient":""},"mobile":{"background-color":"var(--ast-global-color-4)","background-image":"","background-repeat":"repeat","background-position":"center center","background-size":"auto","background-attachment":"scroll","background-type":"","background-media":"","overlay-type":"","overlay-color":"","overlay-opacity":"","overlay-gradient":""}},"footnotes":""},"class_list":["post-3490","page","type-page","status-publish","hentry"],"acf":[],"_links":{"self":[{"href":"https:\/\/wordpress.destelayr.com\/es\/wp-json\/wp\/v2\/pages\/3490","targetHints":{"allow":["GET"]}}],"collection":[{"href":"https:\/\/wordpress.destelayr.com\/es\/wp-json\/wp\/v2\/pages"}],"about":[{"href":"https:\/\/wordpress.destelayr.com\/es\/wp-json\/wp\/v2\/types\/page"}],"author":[{"embeddable":true,"href":"https:\/\/wordpress.destelayr.com\/es\/wp-json\/wp\/v2\/users\/2"}],"replies":[{"embeddable":true,"href":"https:\/\/wordpress.destelayr.com\/es\/wp-json\/wp\/v2\/comments?post=3490"}],"version-history":[{"count":5,"href":"https:\/\/wordpress.destelayr.com\/es\/wp-json\/wp\/v2\/pages\/3490\/revisions"}],"predecessor-version":[{"id":5141,"href":"https:\/\/wordpress.destelayr.com\/es\/wp-json\/wp\/v2\/pages\/3490\/revisions\/5141"}],"wp:attachment":[{"href":"https:\/\/wordpress.destelayr.com\/es\/wp-json\/wp\/v2\/media?parent=3490"}],"curies":[{"name":"wp","href":"https:\/\/api.w.org\/{rel}","templated":true}]}}