{"id":3476,"date":"2025-11-17T06:56:00","date_gmt":"2025-11-17T12:56:00","guid":{"rendered":"https:\/\/wordpress.destelayr.com\/terminos-y-condiciones\/"},"modified":"2026-02-23T16:48:06","modified_gmt":"2026-02-23T22:48:06","slug":"terms-conditions","status":"publish","type":"page","link":"https:\/\/wordpress.destelayr.com\/es\/terms-conditions\/","title":{"rendered":"T\u00e9rminos y Condiciones"},"content":{"rendered":"<p><strong>T\u00e9rminos y Condiciones de Uso<\/strong><br \/>\nEste sitio web es operado por DESTELAYR LLC. Al acceder o utilizar nuestro sitio web, usted acepta los siguientes t\u00e9rminos y condiciones:<\/p>\n<p><strong>Uso del sitio:<\/strong><br \/>\nNo puede utilizar este sitio para fines ilegales, violar derechos de autor, manipular contenido o interferir con su funcionamiento.<\/p>\n<p><strong>Pedidos:<\/strong><br \/>\nNos reservamos el derecho de rechazar cualquier pedido por razones como falta de existencias, informaci\u00f3n incorrecta o sospecha de fraude.<\/p>\n<p><strong>Pagos:<\/strong><br \/>\nAceptamos pagos a trav\u00e9s de plataformas seguras. No almacenamos informaci\u00f3n de tarjetas de cr\u00e9dito.<\/p>\n<p><strong>Precios y disponibilidad:<\/strong><br \/>\nLos precios est\u00e1n en d\u00f3lares estadounidenses e incluyen impuestos cuando corresponda. Los productos est\u00e1n sujetos a disponibilidad.<\/p>\n<p><strong>Enlaces externos:<\/strong><br \/>\nPodemos incluir enlaces a sitios de terceros. No somos responsables de su contenido ni de su uso.<\/p>\n<p><strong>Cambios en los t\u00e9rminos:<\/strong><br \/>\nNos reservamos el derecho de modificar estos t\u00e9rminos en cualquier momento. Los cambios entrar\u00e1n en vigor al publicarse en esta p\u00e1gina.<\/p>\n","protected":false},"excerpt":{"rendered":"<p>T\u00e9rminos y Condiciones de Uso Este sitio web es operado por DESTELAYR LLC. Al acceder o utilizar nuestro sitio web, [&hellip;]<\/p>\n","protected":false},"author":2,"featured_media":0,"parent":0,"menu_order":0,"comment_status":"closed","ping_status":"closed","template":"","meta":{"_acf_changed":false,"site-sidebar-layout":"default","site-content-layout":"","ast-site-content-layout":"default","site-content-style":"default","site-sidebar-style":"default","ast-global-header-display":"","ast-banner-title-visibility":"","ast-main-header-display":"","ast-hfb-above-header-display":"","ast-hfb-below-header-display":"","ast-hfb-mobile-header-display":"","site-post-title":"","ast-breadcrumbs-content":"","ast-featured-img":"","footer-sml-layout":"","ast-disable-related-posts":"","theme-transparent-header-meta":"default","adv-header-id-meta":"","stick-header-meta":"","header-above-stick-meta":"","header-main-stick-meta":"","header-below-stick-meta":"","astra-migrate-meta-layouts":"default","ast-page-background-enabled":"default","ast-page-background-meta":{"desktop":{"background-color":"var(--ast-global-color-5)","background-image":"","background-repeat":"repeat","background-position":"center center","background-size":"auto","background-attachment":"scroll","background-type":"","background-media":"","overlay-type":"","overlay-color":"","overlay-opacity":"","overlay-gradient":""},"tablet":{"background-color":"","background-image":"","background-repeat":"repeat","background-position":"center center","background-size":"auto","background-attachment":"scroll","background-type":"","background-media":"","overlay-type":"","overlay-color":"","overlay-opacity":"","overlay-gradient":""},"mobile":{"background-color":"","background-image":"","background-repeat":"repeat","background-position":"center center","background-size":"auto","background-attachment":"scroll","background-type":"","background-media":"","overlay-type":"","overlay-color":"","overlay-opacity":"","overlay-gradient":""}},"ast-content-background-meta":{"desktop":{"background-color":"var(--ast-global-color-4)","background-image":"","background-repeat":"repeat","background-position":"center center","background-size":"auto","background-attachment":"scroll","background-type":"","background-media":"","overlay-type":"","overlay-color":"","overlay-opacity":"","overlay-gradient":""},"tablet":{"background-color":"var(--ast-global-color-4)","background-image":"","background-repeat":"repeat","background-position":"center center","background-size":"auto","background-attachment":"scroll","background-type":"","background-media":"","overlay-type":"","overlay-color":"","overlay-opacity":"","overlay-gradient":""},"mobile":{"background-color":"var(--ast-global-color-4)","background-image":"","background-repeat":"repeat","background-position":"center center","background-size":"auto","background-attachment":"scroll","background-type":"","background-media":"","overlay-type":"","overlay-color":"","overlay-opacity":"","overlay-gradient":""}},"footnotes":""},"class_list":["post-3476","page","type-page","status-publish","hentry"],"acf":[],"_links":{"self":[{"href":"https:\/\/wordpress.destelayr.com\/es\/wp-json\/wp\/v2\/pages\/3476","targetHints":{"allow":["GET"]}}],"collection":[{"href":"https:\/\/wordpress.destelayr.com\/es\/wp-json\/wp\/v2\/pages"}],"about":[{"href":"https:\/\/wordpress.destelayr.com\/es\/wp-json\/wp\/v2\/types\/page"}],"author":[{"embeddable":true,"href":"https:\/\/wordpress.destelayr.com\/es\/wp-json\/wp\/v2\/users\/2"}],"replies":[{"embeddable":true,"href":"https:\/\/wordpress.destelayr.com\/es\/wp-json\/wp\/v2\/comments?post=3476"}],"version-history":[{"count":1,"href":"https:\/\/wordpress.destelayr.com\/es\/wp-json\/wp\/v2\/pages\/3476\/revisions"}],"predecessor-version":[{"id":3960,"href":"https:\/\/wordpress.destelayr.com\/es\/wp-json\/wp\/v2\/pages\/3476\/revisions\/3960"}],"wp:attachment":[{"href":"https:\/\/wordpress.destelayr.com\/es\/wp-json\/wp\/v2\/media?parent=3476"}],"curies":[{"name":"wp","href":"https:\/\/api.w.org\/{rel}","templated":true}]}}