{"id":3474,"date":"2025-11-14T08:06:19","date_gmt":"2025-11-14T14:06:19","guid":{"rendered":"https:\/\/wordpress.destelayr.com\/politica-de-privacidad\/"},"modified":"2026-03-03T13:42:19","modified_gmt":"2026-03-03T19:42:19","slug":"privacy-policy","status":"publish","type":"page","link":"https:\/\/wordpress.destelayr.com\/es\/privacy-policy\/","title":{"rendered":"Pol\u00edtica de Privacidad"},"content":{"rendered":"&#13;\n<h5 class=\"wp-block-heading\">\u00daltima actualizaci\u00f3n: 28\/02\/2026<\/h5>&#13;\n&#13;\n<h2 class=\"wp-block-heading\">Pol\u00edtica de Privacidad<\/h2>&#13;\n&#13;\n<p>En DESTELAYR LLC, respetamos tu privacidad y nos comprometemos a proteger tus datos personales. Esta pol\u00edtica explica c\u00f3mo recopilamos, usamos y protegemos la informaci\u00f3n que compartes con nosotros. <\/p>&#13;\n&#13;\n<h2 class=\"wp-block-heading\">Informaci\u00f3n que recopilamos:<\/h2>&#13;\n&#13;\n<p>Recopilamos tu nombre, correo electr\u00f3nico, direcci\u00f3n de env\u00edo, n\u00famero de tel\u00e9fono y detalles de pago cuando realizas un pedido en nuestra tienda.<\/p>&#13;\n&#13;\n<h4 class=\"wp-block-heading\"><strong>\u2022 Informaci\u00f3n personal<\/strong><\/h4>&#13;\n&#13;\n<p>Nombre, direcci\u00f3n de correo electr\u00f3nico, n\u00famero de tel\u00e9fono, direcci\u00f3n de env\u00edo y facturaci\u00f3n.<\/p>&#13;\n&#13;\n<h4 class=\"wp-block-heading\"><strong>\u2022 Informaci\u00f3n del pedido<\/strong><\/h4>&#13;\n&#13;\n<p>Productos comprados, historial de pedidos y preferencias.<\/p>&#13;\n&#13;\n<h4 class=\"wp-block-heading\"><strong>\u2022 Informaci\u00f3n de pago<\/strong><\/h4>&#13;\n&#13;\n<p>Procesado de forma segura por Stripe. <strong>No almacenamos los n\u00fameros completos de las tarjetas de cr\u00e9dito.<\/strong><\/p>&#13;\n&#13;\n<h4 class=\"wp-block-heading\"><strong>\u2022 Informaci\u00f3n de navegaci\u00f3n<\/strong><\/h4>&#13;\n&#13;\n<p>Direcci\u00f3n IP, tipo de navegador, p\u00e1ginas visitadas, tiempo pasado en nuestro sitio, informaci\u00f3n del dispositivo.<\/p>&#13;\n&#13;\n<h4 class=\"wp-block-heading\"><strong>\u2022 Cookies y tecnolog\u00edas de seguimiento<\/strong><\/h4>&#13;\n&#13;\n<p>Se utiliza para personalizar su experiencia y mejorar el rendimiento del sitio web.<\/p>&#13;\n&#13;\n<h2 class=\"wp-block-heading\">C\u00f3mo usamos su informaci\u00f3n<\/h2>&#13;\n&#13;\n<p>Utilizamos su informaci\u00f3n personal para:<\/p>&#13;\n&#13;\n<p>Mostrar anuncios relevantes en plataformas como Facebook, Instagram, Google, TikTok (solo si acepta las cookies de marketing)<\/p>&#13;\n&#13;\n<p>Procesar pedidos y pagos<\/p>&#13;\n&#13;\n<p>Enviar confirmaciones, actualizaciones y notificaciones de env\u00edo<\/p>&#13;\n&#13;\n<p>Proporcionar soporte al cliente<\/p>&#13;\n&#13;\n<p>Mejora tu experiencia de compra<\/p>&#13;\n&#13;\n<p>Realizar an\u00e1lisis y estad\u00edsticas internas<\/p>&#13;\n&#13;\n<p>Mostrar anuncios relevantes en plataformas como Facebook, Instagram, Google, TikTok (solo si acepta las cookies de marketing)<\/p>&#13;\n&#13;\n<h2 class=\"wp-block-heading\">Cookies y an\u00e1lisis<\/h2>&#13;\n&#13;\n<p>Utilizamos cookies para:<\/p>&#13;\n\r\n<ul class=\"wp-block-list\">&#13;\n<li>Almacena tus preferencias<\/li>&#13;\n\r\n\r\n&#13;\n<li>Mant\u00e9n tu sesi\u00f3n<\/li>&#13;\n\r\n\r\n&#13;\n<li>Analizar el comportamiento de navegaci\u00f3n<\/li>&#13;\n\r\n\r\n&#13;\n<li>Mostrar anuncios personalizados (Meta, Google Ads, TikTok)<\/li>&#13;\n<\/ul>\r\n&#13;\n<p>Puede desactivar las cookies en cualquier momento desde la configuraci\u00f3n de su navegador o a trav\u00e9s de la configuraci\u00f3n de cookies de nuestro sitio web.<\/p>&#13;\n&#13;\n<h2 class=\"wp-block-heading\">Seguridad de datos<\/h2>&#13;\n&#13;\n<p>Protegemos su informaci\u00f3n utilizando:<\/p>&#13;\n\r\n<ul class=\"wp-block-list\">&#13;\n<li>Cifrado SSL<\/li>&#13;\n\r\n\r\n&#13;\n<li>Sistemas de seguridad digital<\/li>&#13;\n\r\n\r\n&#13;\n<li>Acceso restringido a personal autorizado<\/li>&#13;\n\r\n\r\n&#13;\n<li>M\u00e9todos de pago seguros a trav\u00e9s de Stripe<\/li>&#13;\n<\/ul>\r\n&#13;\n<p>Si bien tomamos medidas estrictas para proteger sus datos, ning\u00fan sistema es 100% inmune a los riesgos de seguridad.<\/p>&#13;\n&#13;\n<h2 class=\"wp-block-heading\">Compartir su informaci\u00f3n con terceros<\/h2>&#13;\n&#13;\n<p>No vendemos su informaci\u00f3n personal.<\/p>&#13;\n&#13;\n<p>S\u00f3lo compartimos informaci\u00f3n necesaria con:<\/p>&#13;\n&#13;\n<p><strong>Socios de an\u00e1lisis y publicidad<\/strong> (Google, Meta, TikTok, si acepta las cookies)<\/p>&#13;\n&#13;\n<p><strong>Procesadores de pago:<\/strong> Stripe<\/p>&#13;\n&#13;\n<p><strong>Transportistas de env\u00edo:<\/strong> USPS, UPS, FedEx<\/p>&#13;\n&#13;\n<p><strong>Plataformas de marketing y correo electr\u00f3nico<\/strong><\/p>&#13;\n&#13;\n<h2 class=\"wp-block-heading\">Sus derechos<\/h2>&#13;\n&#13;\n<p>Usted puede solicitar:<\/p>&#13;\n\r\n<ul class=\"wp-block-list\">&#13;\n<li>Acceso a sus datos<\/li>&#13;\n\r\n\r\n&#13;\n<li>Correcci\u00f3n de informaci\u00f3n inexacta<\/li>&#13;\n\r\n\r\n&#13;\n<li>Eliminaci\u00f3n de sus datos personales<\/li>&#13;\n\r\n\r\n&#13;\n<li>Exclusi\u00f3n de las cookies de marketing y la publicidad dirigida<\/li>&#13;\n\r\n\r\n&#13;\n<li>Una copia (exportaci\u00f3n) de los datos asociados con su cuenta de cliente<\/li>&#13;\n<\/ul>\r\n&#13;\n<p>Para ejercer estos derechos, env\u00edenos un correo electr\u00f3nico a:<br\/>\ud83d\udce7 <strong><a>team@destelayr.com<\/a><\/strong><\/p>&#13;\n&#13;\n<h2 class=\"wp-block-heading\">Publicidad Dirigida y Leyes de Privacidad de EE. UU.<\/h2>&#13;\n&#13;\n<p>Ciertas leyes estatales de EE. UU. (California, Colorado, Virginia, Connecticut, Utah) clasifican el uso de cookies para publicidad personalizada como:<\/p>&#13;\n\r\n<ul class=\"wp-block-list\">&#13;\n<li>\u201cVenta\u201d<\/li>&#13;\n\r\n\r\n&#13;\n<li>\u201cCompartici\u00f3n\u201d<\/li>&#13;\n\r\n\r\n&#13;\n<li>\u201cPublicidad dirigida\u201d<\/li>&#13;\n<\/ul>\r\n&#13;\n<p>Tiene derecho a <strong>excluirse<\/strong> de estas actividades.<\/p>&#13;\n&#13;\n<h3 class=\"wp-block-heading\"><strong>C\u00f3mo Excluirse<\/strong><\/h3>&#13;\n\r\n<ul class=\"wp-block-list\">&#13;\n<li>Desactive las cookies en su navegador<\/li>&#13;\n\r\n\r\n&#13;\n<li>Env\u00edenos un correo electr\u00f3nico solicitando la exclusi\u00f3n<\/li>&#13;\n\r\n\r\n&#13;\n<li>Ajuste las preferencias de cookies en nuestro sitio web<\/li>&#13;\n<\/ul>\r\n&#13;\n<p>Si visita nuestro sitio con GPC activado, lo trataremos como una solicitud de exclusi\u00f3n v\u00e1lida.<\/p>&#13;\n&#13;\n<h2 class=\"wp-block-heading\">Conservaci\u00f3n de Datos<\/h2>&#13;\n&#13;\n<p>Conservamos los datos durante:<\/p>&#13;\n\r\n<ul class=\"wp-block-list\">&#13;\n<li><strong>7 a\u00f1os<\/strong> con fines contables y fiscales<\/li>&#13;\n\r\n\r\n&#13;\n<li>Mientras su cuenta de cliente permanezca activa<\/li>&#13;\n\r\n\r\n&#13;\n<li>Hasta que solicite su eliminaci\u00f3n (excepto cuando lo exija la ley)<\/li>&#13;\n<\/ul>\r\n&#13;\n<h2 class=\"wp-block-heading\">Enlaces Externos<\/h2>&#13;\n&#13;\n<p>Nuestro sitio web puede contener enlaces o contenido integrado de otros sitios web.<br\/>No nos responsabilizamos de las pr\u00e1cticas de privacidad de sitios de terceros.<\/p>&#13;\n&#13;\n<h2 class=\"wp-block-heading\">Actualizaciones de Esta Pol\u00edtica<\/h2>&#13;\n&#13;\n<p>Podemos actualizar esta Pol\u00edtica de privacidad peri\u00f3dicamente.<br\/>Cualquier cambio se publicar\u00e1 en esta p\u00e1gina con una fecha de \u201c\u00daltima actualizaci\u00f3n\u201d revisada.<\/p>&#13;\n&#13;\n<h2 class=\"wp-block-heading\">Cont\u00e1ctanos<\/h2>&#13;\n&#13;\n<p>Si tiene preguntas sobre esta Pol\u00edtica de Privacidad, cont\u00e1ctenos:<\/p>&#13;\n&#13;\n<p><strong>DESTELAYR LLC<\/strong><br\/>\ud83d\udce7 Correo electr\u00f3nico: <strong><a>team@destelayr.com<\/a><\/strong><\/p>&#13;\n","protected":false},"excerpt":{"rendered":"<p>&#13; \u00daltima actualizaci\u00f3n: 28\/02\/2026 &#13; &#13; Pol\u00edtica de Privacidad &#13; &#13; En DESTELAYR LLC, respetamos tu privacidad y nos comprometemos [&hellip;]<\/p>\n","protected":false},"author":2,"featured_media":0,"parent":0,"menu_order":0,"comment_status":"closed","ping_status":"closed","template":"","meta":{"_acf_changed":false,"site-sidebar-layout":"default","site-content-layout":"","ast-site-content-layout":"default","site-content-style":"default","site-sidebar-style":"default","ast-global-header-display":"","ast-banner-title-visibility":"","ast-main-header-display":"","ast-hfb-above-header-display":"","ast-hfb-below-header-display":"","ast-hfb-mobile-header-display":"","site-post-title":"","ast-breadcrumbs-content":"","ast-featured-img":"","footer-sml-layout":"","ast-disable-related-posts":"","theme-transparent-header-meta":"default","adv-header-id-meta":"","stick-header-meta":"","header-above-stick-meta":"","header-main-stick-meta":"","header-below-stick-meta":"","astra-migrate-meta-layouts":"set","ast-page-background-enabled":"default","ast-page-background-meta":{"desktop":{"background-color":"var(--ast-global-color-5)","background-image":"","background-repeat":"repeat","background-position":"center center","background-size":"auto","background-attachment":"scroll","background-type":"","background-media":"","overlay-type":"","overlay-color":"","overlay-opacity":"","overlay-gradient":""},"tablet":{"background-color":"","background-image":"","background-repeat":"repeat","background-position":"center center","background-size":"auto","background-attachment":"scroll","background-type":"","background-media":"","overlay-type":"","overlay-color":"","overlay-opacity":"","overlay-gradient":""},"mobile":{"background-color":"","background-image":"","background-repeat":"repeat","background-position":"center center","background-size":"auto","background-attachment":"scroll","background-type":"","background-media":"","overlay-type":"","overlay-color":"","overlay-opacity":"","overlay-gradient":""}},"ast-content-background-meta":{"desktop":{"background-color":"var(--ast-global-color-4)","background-image":"","background-repeat":"repeat","background-position":"center center","background-size":"auto","background-attachment":"scroll","background-type":"","background-media":"","overlay-type":"","overlay-color":"","overlay-opacity":"","overlay-gradient":""},"tablet":{"background-color":"var(--ast-global-color-4)","background-image":"","background-repeat":"repeat","background-position":"center center","background-size":"auto","background-attachment":"scroll","background-type":"","background-media":"","overlay-type":"","overlay-color":"","overlay-opacity":"","overlay-gradient":""},"mobile":{"background-color":"var(--ast-global-color-4)","background-image":"","background-repeat":"repeat","background-position":"center center","background-size":"auto","background-attachment":"scroll","background-type":"","background-media":"","overlay-type":"","overlay-color":"","overlay-opacity":"","overlay-gradient":""}},"footnotes":""},"class_list":["post-3474","page","type-page","status-publish","hentry"],"acf":[],"_links":{"self":[{"href":"https:\/\/wordpress.destelayr.com\/es\/wp-json\/wp\/v2\/pages\/3474","targetHints":{"allow":["GET"]}}],"collection":[{"href":"https:\/\/wordpress.destelayr.com\/es\/wp-json\/wp\/v2\/pages"}],"about":[{"href":"https:\/\/wordpress.destelayr.com\/es\/wp-json\/wp\/v2\/types\/page"}],"author":[{"embeddable":true,"href":"https:\/\/wordpress.destelayr.com\/es\/wp-json\/wp\/v2\/users\/2"}],"replies":[{"embeddable":true,"href":"https:\/\/wordpress.destelayr.com\/es\/wp-json\/wp\/v2\/comments?post=3474"}],"version-history":[{"count":5,"href":"https:\/\/wordpress.destelayr.com\/es\/wp-json\/wp\/v2\/pages\/3474\/revisions"}],"predecessor-version":[{"id":5321,"href":"https:\/\/wordpress.destelayr.com\/es\/wp-json\/wp\/v2\/pages\/3474\/revisions\/5321"}],"wp:attachment":[{"href":"https:\/\/wordpress.destelayr.com\/es\/wp-json\/wp\/v2\/media?parent=3474"}],"curies":[{"name":"wp","href":"https:\/\/api.w.org\/{rel}","templated":true}]}}